{"id":1632,"date":"2020-09-21T16:44:48","date_gmt":"2020-09-21T16:44:48","guid":{"rendered":"https:\/\/www.hotelaquapetra.gr\/hebergement\/"},"modified":"2023-12-19T20:28:24","modified_gmt":"2023-12-19T20:28:24","slug":"hebergement","status":"publish","type":"page","link":"https:\/\/www.hotelaquapetra.gr\/fr\/hebergement\/","title":{"rendered":"H\u00e9bergement"},"content":{"rendered":"\n<h2 id=\"block-8a602c-db\" class=\"wp-block-gutenbee-heading block-8a602c-db\">Nos suites<\/h2><style>.wp-block-gutenbee-heading.block-8a602c-db { margin-bottom: 0px; text-align: center; }<\/style>\n<p id=\"block-cf21f7-44\" class=\"wp-block-gutenbee-paragraph block-cf21f7-44 has-text-color has-theme-medium-gray-color\">Confort et tranquillit\u00e9<\/p><style>.wp-block-gutenbee-paragraph.block-cf21f7-44 { text-align: center; }<\/style>\n<div class=\"wp-block-group\"><div class=\"wp-block-group__inner-container is-layout-constrained wp-block-group-is-layout-constrained\"><div\n\t\t\t\tid=\"block-f01b47-ae8a-45\"\n\t\t\t\tclass=\"wp-block-gutenbee-post-types block-f01b47-ae8a-45 \"\n\t\t\t\t\t\t\t><div class=\"row row-items row-columns-2\">\t\t\t\t<div class=\"suites-fr term-33 col-sm-6 col-12\">\n<div id=\"entry-item-1712\" class=\"entry-item post-1712 ignition-accommodati type-ignition-accommodati status-publish has-post-thumbnail hentry ignition_accommodation_category-suites-fr\">\n\t\t\t<figure class=\"entry-item-thumb\">\n\t\t\t<a href=\"https:\/\/www.hotelaquapetra.gr\/fr\/accommodation\/suite-junior\/\">\n\t\t\t\t<img loading=\"lazy\" decoding=\"async\" width=\"615\" height=\"410\" src=\"https:\/\/www.hotelaquapetra.gr\/wp-content\/uploads\/2020\/09\/AQUAPETRA-13-615x410.jpg\" class=\"attachment-ignition_item size-ignition_item wp-post-image\" alt=\"\" srcset=\"https:\/\/www.hotelaquapetra.gr\/wp-content\/uploads\/2020\/09\/AQUAPETRA-13-615x410.jpg 615w, https:\/\/www.hotelaquapetra.gr\/wp-content\/uploads\/2020\/09\/AQUAPETRA-13-300x200.jpg 300w, https:\/\/www.hotelaquapetra.gr\/wp-content\/uploads\/2020\/09\/AQUAPETRA-13-1024x682.jpg 1024w, https:\/\/www.hotelaquapetra.gr\/wp-content\/uploads\/2020\/09\/AQUAPETRA-13-768x511.jpg 768w, https:\/\/www.hotelaquapetra.gr\/wp-content\/uploads\/2020\/09\/AQUAPETRA-13-1536x1023.jpg 1536w, https:\/\/www.hotelaquapetra.gr\/wp-content\/uploads\/2020\/09\/AQUAPETRA-13-870x580.jpg 870w, https:\/\/www.hotelaquapetra.gr\/wp-content\/uploads\/2020\/09\/AQUAPETRA-13-1170x780.jpg 1170w, https:\/\/www.hotelaquapetra.gr\/wp-content\/uploads\/2020\/09\/AQUAPETRA-13.jpg 2000w\" sizes=\"auto, (max-width: 615px) 100vw, 615px\" \/>\t\t\t<\/a>\n\t\t<\/figure>\n\t\n\t<div class=\"entry-item-content\">\n\t\t<h2 class=\"entry-item-title\"><a href=\"https:\/\/www.hotelaquapetra.gr\/fr\/accommodation\/suite-junior\/\">Suite junior<\/a><\/h2>\n\t\t\t\t\t<div class=\"entry-item-excerpt\">\n\t\t\t\t<p>Jusqu&#8217;\u00e0 4 personnes \/ <sup>45m2<\/sup> \/ Vue sur la mer &#8211; Vue sur la piscine<\/p>\n\t\t\t<\/div>\n\t\t\n\t\t<a href=\"https:\/\/www.hotelaquapetra.gr\/fr\/accommodation\/suite-junior\/\" class=\"btn btn-entry-more\">\n\t\t\tLearn More\t\t<\/a>\n\t<\/div>\n<\/div>\n<\/div>\t\t\t\t<div class=\"suites-fr term-33 col-sm-6 col-12\">\n<div id=\"entry-item-1705\" class=\"entry-item post-1705 ignition-accommodati type-ignition-accommodati status-publish has-post-thumbnail hentry ignition_accommodation_category-suites-fr\">\n\t\t\t<figure class=\"entry-item-thumb\">\n\t\t\t<a href=\"https:\/\/www.hotelaquapetra.gr\/fr\/accommodation\/appartements-familiaux\/\">\n\t\t\t\t<img loading=\"lazy\" decoding=\"async\" width=\"615\" height=\"410\" src=\"https:\/\/www.hotelaquapetra.gr\/wp-content\/uploads\/2020\/09\/IMG_20220805_171019-615x410.jpg\" class=\"attachment-ignition_item size-ignition_item wp-post-image\" alt=\"\" srcset=\"https:\/\/www.hotelaquapetra.gr\/wp-content\/uploads\/2020\/09\/IMG_20220805_171019-615x410.jpg 615w, https:\/\/www.hotelaquapetra.gr\/wp-content\/uploads\/2020\/09\/IMG_20220805_171019-870x580.jpg 870w, https:\/\/www.hotelaquapetra.gr\/wp-content\/uploads\/2020\/09\/IMG_20220805_171019-1170x780.jpg 1170w\" sizes=\"auto, (max-width: 615px) 100vw, 615px\" \/>\t\t\t<\/a>\n\t\t<\/figure>\n\t\n\t<div class=\"entry-item-content\">\n\t\t<h2 class=\"entry-item-title\"><a href=\"https:\/\/www.hotelaquapetra.gr\/fr\/accommodation\/appartements-familiaux\/\">Appartements familiaux<\/a><\/h2>\n\t\t\t\t\t<div class=\"entry-item-excerpt\">\n\t\t\t\t<p>Jusqu&#8217;\u00e0 4 personnes \/ <sup>45m2<\/sup> \/ Vue sur la mer<\/p>\n\t\t\t<\/div>\n\t\t\n\t\t<a href=\"https:\/\/www.hotelaquapetra.gr\/fr\/accommodation\/appartements-familiaux\/\" class=\"btn btn-entry-more\">\n\t\t\tLearn More\t\t<\/a>\n\t<\/div>\n<\/div>\n<\/div><\/div><\/div><\/div><\/div>\n\n<p><\/p>\n\n<figure class=\"wp-block-pullquote\"><blockquote><p>Nous avons s\u00e9journ\u00e9 ici pendant 3 nuits lors de notre lune de miel en ao\u00fbt et nous ne pouvions pas \u00eatre plus satisfaits de notre choix.<\/p><cite>Andy &#8211; \u00c9tats-Unis, ao\u00fbt 2023<\/cite><\/blockquote><\/figure>\n<h2 id=\"block-19cef1-55\" class=\"wp-block-gutenbee-heading block-19cef1-55\">Nos appartements<\/h2><style>.wp-block-gutenbee-heading.block-19cef1-55 { margin-bottom: 0px; text-align: center; }<\/style>\n<p id=\"block-52d3ce-67\" class=\"wp-block-gutenbee-paragraph block-52d3ce-67 has-text-color has-theme-medium-gray-color\">Exclusivit\u00e9 et vue imprenable<\/p><style>.wp-block-gutenbee-paragraph.block-52d3ce-67 { text-align: center; }<\/style><div\n\t\t\t\tid=\"block-c479d9-d257-40\"\n\t\t\t\tclass=\"wp-block-gutenbee-post-types block-c479d9-d257-40 \"\n\t\t\t\t\t\t\t><div class=\"row row-items row-columns-2\">\t\t\t\t<div class=\"chambres term-30 col-sm-6 col-12\">\n<div id=\"entry-item-1706\" class=\"entry-item post-1706 ignition-accommodati type-ignition-accommodati status-publish has-post-thumbnail hentry ignition_accommodation_category-chambres\">\n\t\t\t<figure class=\"entry-item-thumb\">\n\t\t\t<a href=\"https:\/\/www.hotelaquapetra.gr\/fr\/accommodation\/appartements-superieurs\/\">\n\t\t\t\t<img loading=\"lazy\" decoding=\"async\" width=\"615\" height=\"410\" src=\"https:\/\/www.hotelaquapetra.gr\/wp-content\/uploads\/2020\/09\/AQUAPETRA-7-\u0391\u03bd\u03c4\u03af\u03b3\u03c1\u03b1\u03c6\u03bf-615x410.jpg\" class=\"attachment-ignition_item size-ignition_item wp-post-image\" alt=\"\" srcset=\"https:\/\/www.hotelaquapetra.gr\/wp-content\/uploads\/2020\/09\/AQUAPETRA-7-\u0391\u03bd\u03c4\u03af\u03b3\u03c1\u03b1\u03c6\u03bf-615x410.jpg 615w, https:\/\/www.hotelaquapetra.gr\/wp-content\/uploads\/2020\/09\/AQUAPETRA-7-\u0391\u03bd\u03c4\u03af\u03b3\u03c1\u03b1\u03c6\u03bf-300x200.jpg 300w, https:\/\/www.hotelaquapetra.gr\/wp-content\/uploads\/2020\/09\/AQUAPETRA-7-\u0391\u03bd\u03c4\u03af\u03b3\u03c1\u03b1\u03c6\u03bf-1024x682.jpg 1024w, https:\/\/www.hotelaquapetra.gr\/wp-content\/uploads\/2020\/09\/AQUAPETRA-7-\u0391\u03bd\u03c4\u03af\u03b3\u03c1\u03b1\u03c6\u03bf-768x511.jpg 768w, https:\/\/www.hotelaquapetra.gr\/wp-content\/uploads\/2020\/09\/AQUAPETRA-7-\u0391\u03bd\u03c4\u03af\u03b3\u03c1\u03b1\u03c6\u03bf-1536x1023.jpg 1536w, https:\/\/www.hotelaquapetra.gr\/wp-content\/uploads\/2020\/09\/AQUAPETRA-7-\u0391\u03bd\u03c4\u03af\u03b3\u03c1\u03b1\u03c6\u03bf-870x580.jpg 870w, https:\/\/www.hotelaquapetra.gr\/wp-content\/uploads\/2020\/09\/AQUAPETRA-7-\u0391\u03bd\u03c4\u03af\u03b3\u03c1\u03b1\u03c6\u03bf-1170x780.jpg 1170w, https:\/\/www.hotelaquapetra.gr\/wp-content\/uploads\/2020\/09\/AQUAPETRA-7-\u0391\u03bd\u03c4\u03af\u03b3\u03c1\u03b1\u03c6\u03bf.jpg 2000w\" sizes=\"auto, (max-width: 615px) 100vw, 615px\" \/>\t\t\t<\/a>\n\t\t<\/figure>\n\t\n\t<div class=\"entry-item-content\">\n\t\t<h2 class=\"entry-item-title\"><a href=\"https:\/\/www.hotelaquapetra.gr\/fr\/accommodation\/appartements-superieurs\/\">Appartements sup\u00e9rieurs<\/a><\/h2>\n\t\t\t\t\t<div class=\"entry-item-excerpt\">\n\t\t\t\t<p>Jusqu&#8217;\u00e0 3 personnes \/ <sup>30m2<\/sup> \/ Vue sur la mer  <\/p>\n\t\t\t<\/div>\n\t\t\n\t\t<a href=\"https:\/\/www.hotelaquapetra.gr\/fr\/accommodation\/appartements-superieurs\/\" class=\"btn btn-entry-more\">\n\t\t\tLearn More\t\t<\/a>\n\t<\/div>\n<\/div>\n<\/div>\t\t\t\t<div class=\"chambres term-30 col-sm-6 col-12\">\n<div id=\"entry-item-1701\" class=\"entry-item post-1701 ignition-accommodati type-ignition-accommodati status-publish has-post-thumbnail hentry ignition_accommodation_category-chambres\">\n\t\t\t<figure class=\"entry-item-thumb\">\n\t\t\t<a href=\"https:\/\/www.hotelaquapetra.gr\/fr\/accommodation\/appartements-standard\/\">\n\t\t\t\t<img loading=\"lazy\" decoding=\"async\" width=\"615\" height=\"410\" src=\"https:\/\/www.hotelaquapetra.gr\/wp-content\/uploads\/2020\/09\/AQUAPETRA-14-615x410.jpg\" class=\"attachment-ignition_item size-ignition_item wp-post-image\" alt=\"\" srcset=\"https:\/\/www.hotelaquapetra.gr\/wp-content\/uploads\/2020\/09\/AQUAPETRA-14-615x410.jpg 615w, https:\/\/www.hotelaquapetra.gr\/wp-content\/uploads\/2020\/09\/AQUAPETRA-14-300x200.jpg 300w, https:\/\/www.hotelaquapetra.gr\/wp-content\/uploads\/2020\/09\/AQUAPETRA-14-1024x682.jpg 1024w, https:\/\/www.hotelaquapetra.gr\/wp-content\/uploads\/2020\/09\/AQUAPETRA-14-768x511.jpg 768w, https:\/\/www.hotelaquapetra.gr\/wp-content\/uploads\/2020\/09\/AQUAPETRA-14-1536x1023.jpg 1536w, https:\/\/www.hotelaquapetra.gr\/wp-content\/uploads\/2020\/09\/AQUAPETRA-14-870x580.jpg 870w, https:\/\/www.hotelaquapetra.gr\/wp-content\/uploads\/2020\/09\/AQUAPETRA-14-1170x780.jpg 1170w, https:\/\/www.hotelaquapetra.gr\/wp-content\/uploads\/2020\/09\/AQUAPETRA-14.jpg 2000w\" sizes=\"auto, (max-width: 615px) 100vw, 615px\" \/>\t\t\t<\/a>\n\t\t<\/figure>\n\t\n\t<div class=\"entry-item-content\">\n\t\t<h2 class=\"entry-item-title\"><a href=\"https:\/\/www.hotelaquapetra.gr\/fr\/accommodation\/appartements-standard\/\">Appartements standard<\/a><\/h2>\n\t\t\t\t\t<div class=\"entry-item-excerpt\">\n\t\t\t\t<p>Jusqu&#8217;\u00e0 3 personnes \/ <sup>30m2<\/sup><\/p>\n\t\t\t<\/div>\n\t\t\n\t\t<a href=\"https:\/\/www.hotelaquapetra.gr\/fr\/accommodation\/appartements-standard\/\" class=\"btn btn-entry-more\">\n\t\t\tLearn More\t\t<\/a>\n\t<\/div>\n<\/div>\n<\/div><\/div><\/div>\n<p>.<\/p>\n","protected":false},"excerpt":{"rendered":"<p>Confort et tranquillit\u00e9 Nous avons s\u00e9journ\u00e9 ici pendant 3 nuits lors de notre lune de miel en ao\u00fbt et nous ne pouvions pas \u00eatre plus satisfaits de notre choix. Andy &#8211; \u00c9tats-Unis, ao\u00fbt 2023 Exclusivit\u00e9 [&hellip;]<\/p>\n","protected":false},"author":1,"featured_media":0,"parent":0,"menu_order":0,"comment_status":"closed","ping_status":"closed","template":"templates\/template-fullwidth-boxed.php","meta":{"content-type":"","inline_featured_image":false,"_exactmetrics_skip_tracking":false,"_exactmetrics_sitenote_active":false,"_exactmetrics_sitenote_note":"","_exactmetrics_sitenote_category":0,"footnotes":""},"class_list":["post-1632","page","type-page","status-publish","hentry"],"yoast_head":"<!-- This site is optimized with the Yoast SEO plugin v27.4 - https:\/\/yoast.com\/product\/yoast-seo-wordpress\/ -->\n<title>H\u00e9bergement - Aquapetra<\/title>\n<meta name=\"robots\" content=\"index, follow, max-snippet:-1, max-image-preview:large, max-video-preview:-1\" \/>\n<link rel=\"canonical\" href=\"https:\/\/www.hotelaquapetra.gr\/fr\/hebergement\/\" \/>\n<meta property=\"og:locale\" content=\"fr_FR\" \/>\n<meta property=\"og:type\" content=\"article\" \/>\n<meta property=\"og:title\" content=\"H\u00e9bergement - Aquapetra\" \/>\n<meta property=\"og:description\" content=\"Confort et tranquillit\u00e9 Nous avons s\u00e9journ\u00e9 ici pendant 3 nuits lors de notre lune de miel en ao\u00fbt et nous ne pouvions pas \u00eatre plus satisfaits de notre choix. Andy &#8211; \u00c9tats-Unis, ao\u00fbt 2023 Exclusivit\u00e9 [&hellip;]\" \/>\n<meta property=\"og:url\" content=\"https:\/\/www.hotelaquapetra.gr\/fr\/hebergement\/\" \/>\n<meta property=\"og:site_name\" content=\"Aquapetra\" \/>\n<meta property=\"article:modified_time\" content=\"2023-12-19T20:28:24+00:00\" \/>\n<meta name=\"twitter:card\" content=\"summary_large_image\" \/>\n<script type=\"application\/ld+json\" class=\"yoast-schema-graph\">{\"@context\":\"https:\\\/\\\/schema.org\",\"@graph\":[{\"@type\":\"WebPage\",\"@id\":\"https:\\\/\\\/www.hotelaquapetra.gr\\\/fr\\\/hebergement\\\/\",\"url\":\"https:\\\/\\\/www.hotelaquapetra.gr\\\/fr\\\/hebergement\\\/\",\"name\":\"H\u00e9bergement - Aquapetra\",\"isPartOf\":{\"@id\":\"http:\\\/\\\/www.hotelaquapetra.gr\\\/fr\\\/#website\"},\"datePublished\":\"2020-09-21T16:44:48+00:00\",\"dateModified\":\"2023-12-19T20:28:24+00:00\",\"breadcrumb\":{\"@id\":\"https:\\\/\\\/www.hotelaquapetra.gr\\\/fr\\\/hebergement\\\/#breadcrumb\"},\"inLanguage\":\"fr-FR\",\"potentialAction\":[{\"@type\":\"ReadAction\",\"target\":[\"https:\\\/\\\/www.hotelaquapetra.gr\\\/fr\\\/hebergement\\\/\"]}]},{\"@type\":\"BreadcrumbList\",\"@id\":\"https:\\\/\\\/www.hotelaquapetra.gr\\\/fr\\\/hebergement\\\/#breadcrumb\",\"itemListElement\":[{\"@type\":\"ListItem\",\"position\":1,\"name\":\"Home\",\"item\":\"https:\\\/\\\/www.hotelaquapetra.gr\\\/fr\\\/\"},{\"@type\":\"ListItem\",\"position\":2,\"name\":\"H\u00e9bergement\"}]},{\"@type\":\"WebSite\",\"@id\":\"http:\\\/\\\/www.hotelaquapetra.gr\\\/fr\\\/#website\",\"url\":\"http:\\\/\\\/www.hotelaquapetra.gr\\\/fr\\\/\",\"name\":\"Aquapetra\",\"description\":\"Hotel in Amorgos\",\"publisher\":{\"@id\":\"http:\\\/\\\/www.hotelaquapetra.gr\\\/fr\\\/#organization\"},\"potentialAction\":[{\"@type\":\"SearchAction\",\"target\":{\"@type\":\"EntryPoint\",\"urlTemplate\":\"http:\\\/\\\/www.hotelaquapetra.gr\\\/fr\\\/?s={search_term_string}\"},\"query-input\":{\"@type\":\"PropertyValueSpecification\",\"valueRequired\":true,\"valueName\":\"search_term_string\"}}],\"inLanguage\":\"fr-FR\"},{\"@type\":\"Organization\",\"@id\":\"http:\\\/\\\/www.hotelaquapetra.gr\\\/fr\\\/#organization\",\"name\":\"Aquapetra\",\"url\":\"http:\\\/\\\/www.hotelaquapetra.gr\\\/fr\\\/\",\"logo\":{\"@type\":\"ImageObject\",\"inLanguage\":\"fr-FR\",\"@id\":\"http:\\\/\\\/www.hotelaquapetra.gr\\\/fr\\\/#\\\/schema\\\/logo\\\/image\\\/\",\"url\":\"https:\\\/\\\/www.hotelaquapetra.gr\\\/wp-content\\\/uploads\\\/2023\\\/11\\\/logo-no-background-6.png\",\"contentUrl\":\"https:\\\/\\\/www.hotelaquapetra.gr\\\/wp-content\\\/uploads\\\/2023\\\/11\\\/logo-no-background-6.png\",\"width\":160,\"height\":45,\"caption\":\"Aquapetra\"},\"image\":{\"@id\":\"http:\\\/\\\/www.hotelaquapetra.gr\\\/fr\\\/#\\\/schema\\\/logo\\\/image\\\/\"}}]}<\/script>\n<!-- \/ Yoast SEO plugin. -->","yoast_head_json":{"title":"H\u00e9bergement - Aquapetra","robots":{"index":"index","follow":"follow","max-snippet":"max-snippet:-1","max-image-preview":"max-image-preview:large","max-video-preview":"max-video-preview:-1"},"canonical":"https:\/\/www.hotelaquapetra.gr\/fr\/hebergement\/","og_locale":"fr_FR","og_type":"article","og_title":"H\u00e9bergement - Aquapetra","og_description":"Confort et tranquillit\u00e9 Nous avons s\u00e9journ\u00e9 ici pendant 3 nuits lors de notre lune de miel en ao\u00fbt et nous ne pouvions pas \u00eatre plus satisfaits de notre choix. Andy &#8211; \u00c9tats-Unis, ao\u00fbt 2023 Exclusivit\u00e9 [&hellip;]","og_url":"https:\/\/www.hotelaquapetra.gr\/fr\/hebergement\/","og_site_name":"Aquapetra","article_modified_time":"2023-12-19T20:28:24+00:00","twitter_card":"summary_large_image","schema":{"@context":"https:\/\/schema.org","@graph":[{"@type":"WebPage","@id":"https:\/\/www.hotelaquapetra.gr\/fr\/hebergement\/","url":"https:\/\/www.hotelaquapetra.gr\/fr\/hebergement\/","name":"H\u00e9bergement - Aquapetra","isPartOf":{"@id":"http:\/\/www.hotelaquapetra.gr\/fr\/#website"},"datePublished":"2020-09-21T16:44:48+00:00","dateModified":"2023-12-19T20:28:24+00:00","breadcrumb":{"@id":"https:\/\/www.hotelaquapetra.gr\/fr\/hebergement\/#breadcrumb"},"inLanguage":"fr-FR","potentialAction":[{"@type":"ReadAction","target":["https:\/\/www.hotelaquapetra.gr\/fr\/hebergement\/"]}]},{"@type":"BreadcrumbList","@id":"https:\/\/www.hotelaquapetra.gr\/fr\/hebergement\/#breadcrumb","itemListElement":[{"@type":"ListItem","position":1,"name":"Home","item":"https:\/\/www.hotelaquapetra.gr\/fr\/"},{"@type":"ListItem","position":2,"name":"H\u00e9bergement"}]},{"@type":"WebSite","@id":"http:\/\/www.hotelaquapetra.gr\/fr\/#website","url":"http:\/\/www.hotelaquapetra.gr\/fr\/","name":"Aquapetra","description":"Hotel in Amorgos","publisher":{"@id":"http:\/\/www.hotelaquapetra.gr\/fr\/#organization"},"potentialAction":[{"@type":"SearchAction","target":{"@type":"EntryPoint","urlTemplate":"http:\/\/www.hotelaquapetra.gr\/fr\/?s={search_term_string}"},"query-input":{"@type":"PropertyValueSpecification","valueRequired":true,"valueName":"search_term_string"}}],"inLanguage":"fr-FR"},{"@type":"Organization","@id":"http:\/\/www.hotelaquapetra.gr\/fr\/#organization","name":"Aquapetra","url":"http:\/\/www.hotelaquapetra.gr\/fr\/","logo":{"@type":"ImageObject","inLanguage":"fr-FR","@id":"http:\/\/www.hotelaquapetra.gr\/fr\/#\/schema\/logo\/image\/","url":"https:\/\/www.hotelaquapetra.gr\/wp-content\/uploads\/2023\/11\/logo-no-background-6.png","contentUrl":"https:\/\/www.hotelaquapetra.gr\/wp-content\/uploads\/2023\/11\/logo-no-background-6.png","width":160,"height":45,"caption":"Aquapetra"},"image":{"@id":"http:\/\/www.hotelaquapetra.gr\/fr\/#\/schema\/logo\/image\/"}}]}},"_links":{"self":[{"href":"https:\/\/www.hotelaquapetra.gr\/fr\/wp-json\/wp\/v2\/pages\/1632","targetHints":{"allow":["GET"]}}],"collection":[{"href":"https:\/\/www.hotelaquapetra.gr\/fr\/wp-json\/wp\/v2\/pages"}],"about":[{"href":"https:\/\/www.hotelaquapetra.gr\/fr\/wp-json\/wp\/v2\/types\/page"}],"author":[{"embeddable":true,"href":"https:\/\/www.hotelaquapetra.gr\/fr\/wp-json\/wp\/v2\/users\/1"}],"replies":[{"embeddable":true,"href":"https:\/\/www.hotelaquapetra.gr\/fr\/wp-json\/wp\/v2\/comments?post=1632"}],"version-history":[{"count":1,"href":"https:\/\/www.hotelaquapetra.gr\/fr\/wp-json\/wp\/v2\/pages\/1632\/revisions"}],"predecessor-version":[{"id":1636,"href":"https:\/\/www.hotelaquapetra.gr\/fr\/wp-json\/wp\/v2\/pages\/1632\/revisions\/1636"}],"wp:attachment":[{"href":"https:\/\/www.hotelaquapetra.gr\/fr\/wp-json\/wp\/v2\/media?parent=1632"}],"curies":[{"name":"wp","href":"https:\/\/api.w.org\/{rel}","templated":true}]}}