{"id":1643,"date":"2020-09-21T16:54:39","date_gmt":"2020-09-21T16:54:39","guid":{"rendered":"https:\/\/www.hotelaquapetra.gr\/restauration\/"},"modified":"2023-12-20T20:00:32","modified_gmt":"2023-12-20T20:00:32","slug":"restauration","status":"publish","type":"page","link":"https:\/\/www.hotelaquapetra.gr\/fr\/restauration\/","title":{"rendered":"Restaurant"},"content":{"rendered":"\n<p>Surplombant la magnifique Nikouria et \u00e0 quelques m\u00e8tres de la plage d&#8217;Agios Pavlos, notre restaurant Barba Giannis est situ\u00e9.<br\/>Tous nos repas sont accompagn\u00e9s de notre pain au levain, cuit dans un four \u00e0 bois traditionnel.<\/p>\n\n<p>Le petit d\u00e9jeuner est servi aux clients de l&#8217;h\u00f4tel dans l&#8217;espace du restaurant.<\/p>\n\n<p>Apr\u00e8s 13 heures, le restaurant est ouvert \u00e0 tous pour d\u00e9guster une grande vari\u00e9t\u00e9 de poissons locaux, de fruits de mer, de viandes locales, de plats v\u00e9g\u00e9tariens et de nombreux plats traditionnels de l&#8217;Amazonie.<\/p>\n\n<div id=\"block-c799d6-2cab-47\" class=\"wp-block-gutenbee-justified-gallery block-c799d6-2cab-47 wp-block-gutenbee-gallery-columns gutenbee-columns-3\" data-gallery-type=\"columns\" data-row-height=\"120\" data-margins=\"1\" data-last-row=\"nojustify\" data-randomize=\"false\"><div class=\"wp-block-gutenbee-gallery-content\"><div class=\"wp-block-gutenbee-gallery-item\"><img decoding=\"async\" src=\"http:\/\/www.hotelaquapetra.gr\/wp-content\/uploads\/2023\/11\/2023-09-24.jpg\" alt=\"\" data-id=\"549\" data-link=\"http:\/\/www.hotelaquapetra.gr\/index.php\/dining\/2023-09-24\/\" data-source-url=\"http:\/\/www.hotelaquapetra.gr\/wp-content\/uploads\/2023\/11\/2023-09-24.jpg\" class=\"wp-block-gutenbee-gallery-item-image\"\/><\/div><div class=\"wp-block-gutenbee-gallery-item\"><img decoding=\"async\" src=\"http:\/\/www.hotelaquapetra.gr\/wp-content\/uploads\/2023\/11\/IMG-08b151c8836c828512f202503d1a74bc-V.jpg\" alt=\"\" data-id=\"551\" data-link=\"http:\/\/www.hotelaquapetra.gr\/index.php\/dining\/img-08b151c8836c828512f202503d1a74bc-v\/\" data-source-url=\"http:\/\/www.hotelaquapetra.gr\/wp-content\/uploads\/2023\/11\/IMG-08b151c8836c828512f202503d1a74bc-V.jpg\" class=\"wp-block-gutenbee-gallery-item-image\"\/><\/div><div class=\"wp-block-gutenbee-gallery-item\"><img decoding=\"async\" src=\"http:\/\/www.hotelaquapetra.gr\/wp-content\/uploads\/2023\/11\/2022-08-09.jpg\" alt=\"\" data-id=\"547\" data-link=\"http:\/\/www.hotelaquapetra.gr\/index.php\/dining\/2022-08-09\/\" data-source-url=\"http:\/\/www.hotelaquapetra.gr\/wp-content\/uploads\/2023\/11\/2022-08-09.jpg\" class=\"wp-block-gutenbee-gallery-item-image\"\/><\/div><div class=\"wp-block-gutenbee-gallery-item\"><img decoding=\"async\" src=\"http:\/\/www.hotelaquapetra.gr\/wp-content\/uploads\/2023\/11\/2023-09-24-1.jpg\" alt=\"\" data-id=\"548\" data-link=\"http:\/\/www.hotelaquapetra.gr\/index.php\/dining\/2023-09-24-1\/\" data-source-url=\"http:\/\/www.hotelaquapetra.gr\/wp-content\/uploads\/2023\/11\/2023-09-24-1.jpg\" class=\"wp-block-gutenbee-gallery-item-image\"\/><\/div><div class=\"wp-block-gutenbee-gallery-item\"><img decoding=\"async\" src=\"http:\/\/www.hotelaquapetra.gr\/wp-content\/uploads\/2023\/11\/2022-07-21.jpg\" alt=\"\" data-id=\"556\" data-link=\"http:\/\/www.hotelaquapetra.gr\/index.php\/dining\/2022-07-21\/\" data-source-url=\"http:\/\/www.hotelaquapetra.gr\/wp-content\/uploads\/2023\/11\/2022-07-21.jpg\" class=\"wp-block-gutenbee-gallery-item-image\"\/><\/div><div class=\"wp-block-gutenbee-gallery-item\"><img decoding=\"async\" src=\"http:\/\/www.hotelaquapetra.gr\/wp-content\/uploads\/2023\/11\/2022-08-09-1.jpg\" alt=\"\" data-id=\"557\" data-link=\"http:\/\/www.hotelaquapetra.gr\/index.php\/dining\/2022-08-09-1\/\" data-source-url=\"http:\/\/www.hotelaquapetra.gr\/wp-content\/uploads\/2023\/11\/2022-08-09-1.jpg\" class=\"wp-block-gutenbee-gallery-item-image\"\/><\/div><\/div><\/div>\n\n<div class=\"wp-block-gutenbee-spacer block-be91a3-f3\" aria-hidden=\"true\"><style>.wp-block-gutenbee-spacer.block-be91a3-f3 { height: 50px; }<\/style><div class=\"wp-block-gutenbee-spacer-background\" data-parallax-speed=\"0.3\"><\/div><\/div>\n\n<p class=\"has-text-align-center has-medium-font-size\"><\/p>\n\n<figure class=\"wp-block-pullquote\"><blockquote><p>&#8220;La meilleure salade grecque que j&#8217;ai mang\u00e9e de tout le voyage et la plus belle vue ! C&#8217;est un endroit id\u00e9al pour d\u00e9jeuner au bord de l&#8217;eau.<br\/>George &#8211; septembre 2023<\/p><\/blockquote><\/figure>","protected":false},"excerpt":{"rendered":"<p>L&#8217;exp\u00e9rience gastronomique par excellence<\/p>\n","protected":false},"author":1,"featured_media":0,"parent":0,"menu_order":0,"comment_status":"closed","ping_status":"closed","template":"templates\/template-fullwidth-boxed.php","meta":{"content-type":"","inline_featured_image":false,"_exactmetrics_skip_tracking":false,"_exactmetrics_sitenote_active":false,"_exactmetrics_sitenote_note":"","_exactmetrics_sitenote_category":0,"footnotes":""},"class_list":["post-1643","page","type-page","status-publish","hentry"],"yoast_head":"<!-- This site is optimized with the Yoast SEO plugin v27.5 - https:\/\/yoast.com\/product\/yoast-seo-wordpress\/ -->\n<title>Restaurant - Aquapetra<\/title>\n<meta name=\"robots\" content=\"index, follow, max-snippet:-1, max-image-preview:large, max-video-preview:-1\" \/>\n<link rel=\"canonical\" href=\"https:\/\/www.hotelaquapetra.gr\/fr\/restauration\/\" \/>\n<meta property=\"og:locale\" content=\"fr_FR\" \/>\n<meta property=\"og:type\" content=\"article\" \/>\n<meta property=\"og:title\" content=\"Restaurant - Aquapetra\" \/>\n<meta property=\"og:description\" content=\"L&#039;exp\u00e9rience gastronomique par excellence\" \/>\n<meta property=\"og:url\" content=\"https:\/\/www.hotelaquapetra.gr\/fr\/restauration\/\" \/>\n<meta property=\"og:site_name\" content=\"Aquapetra\" \/>\n<meta property=\"article:modified_time\" content=\"2023-12-20T20:00:32+00:00\" \/>\n<meta property=\"og:image\" content=\"http:\/\/www.hotelaquapetra.gr\/wp-content\/uploads\/2023\/11\/2023-09-24.jpg\" \/>\n<meta name=\"twitter:card\" content=\"summary_large_image\" \/>\n<meta name=\"twitter:label1\" content=\"Dur\u00e9e de lecture estim\u00e9e\" \/>\n\t<meta name=\"twitter:data1\" content=\"1 minute\" \/>\n<script type=\"application\/ld+json\" class=\"yoast-schema-graph\">{\"@context\":\"https:\\\/\\\/schema.org\",\"@graph\":[{\"@type\":\"WebPage\",\"@id\":\"https:\\\/\\\/www.hotelaquapetra.gr\\\/fr\\\/restauration\\\/\",\"url\":\"https:\\\/\\\/www.hotelaquapetra.gr\\\/fr\\\/restauration\\\/\",\"name\":\"Restaurant - Aquapetra\",\"isPartOf\":{\"@id\":\"http:\\\/\\\/www.hotelaquapetra.gr\\\/fr\\\/#website\"},\"primaryImageOfPage\":{\"@id\":\"https:\\\/\\\/www.hotelaquapetra.gr\\\/fr\\\/restauration\\\/#primaryimage\"},\"image\":{\"@id\":\"https:\\\/\\\/www.hotelaquapetra.gr\\\/fr\\\/restauration\\\/#primaryimage\"},\"thumbnailUrl\":\"http:\\\/\\\/www.hotelaquapetra.gr\\\/wp-content\\\/uploads\\\/2023\\\/11\\\/2023-09-24.jpg\",\"datePublished\":\"2020-09-21T16:54:39+00:00\",\"dateModified\":\"2023-12-20T20:00:32+00:00\",\"breadcrumb\":{\"@id\":\"https:\\\/\\\/www.hotelaquapetra.gr\\\/fr\\\/restauration\\\/#breadcrumb\"},\"inLanguage\":\"fr-FR\",\"potentialAction\":[{\"@type\":\"ReadAction\",\"target\":[\"https:\\\/\\\/www.hotelaquapetra.gr\\\/fr\\\/restauration\\\/\"]}]},{\"@type\":\"ImageObject\",\"inLanguage\":\"fr-FR\",\"@id\":\"https:\\\/\\\/www.hotelaquapetra.gr\\\/fr\\\/restauration\\\/#primaryimage\",\"url\":\"http:\\\/\\\/www.hotelaquapetra.gr\\\/wp-content\\\/uploads\\\/2023\\\/11\\\/2023-09-24.jpg\",\"contentUrl\":\"http:\\\/\\\/www.hotelaquapetra.gr\\\/wp-content\\\/uploads\\\/2023\\\/11\\\/2023-09-24.jpg\"},{\"@type\":\"BreadcrumbList\",\"@id\":\"https:\\\/\\\/www.hotelaquapetra.gr\\\/fr\\\/restauration\\\/#breadcrumb\",\"itemListElement\":[{\"@type\":\"ListItem\",\"position\":1,\"name\":\"Home\",\"item\":\"https:\\\/\\\/www.hotelaquapetra.gr\\\/fr\\\/\"},{\"@type\":\"ListItem\",\"position\":2,\"name\":\"Restaurant\"}]},{\"@type\":\"WebSite\",\"@id\":\"http:\\\/\\\/www.hotelaquapetra.gr\\\/fr\\\/#website\",\"url\":\"http:\\\/\\\/www.hotelaquapetra.gr\\\/fr\\\/\",\"name\":\"Aquapetra\",\"description\":\"Hotel in Amorgos\",\"publisher\":{\"@id\":\"http:\\\/\\\/www.hotelaquapetra.gr\\\/fr\\\/#organization\"},\"potentialAction\":[{\"@type\":\"SearchAction\",\"target\":{\"@type\":\"EntryPoint\",\"urlTemplate\":\"http:\\\/\\\/www.hotelaquapetra.gr\\\/fr\\\/?s={search_term_string}\"},\"query-input\":{\"@type\":\"PropertyValueSpecification\",\"valueRequired\":true,\"valueName\":\"search_term_string\"}}],\"inLanguage\":\"fr-FR\"},{\"@type\":\"Organization\",\"@id\":\"http:\\\/\\\/www.hotelaquapetra.gr\\\/fr\\\/#organization\",\"name\":\"Aquapetra\",\"url\":\"http:\\\/\\\/www.hotelaquapetra.gr\\\/fr\\\/\",\"logo\":{\"@type\":\"ImageObject\",\"inLanguage\":\"fr-FR\",\"@id\":\"http:\\\/\\\/www.hotelaquapetra.gr\\\/fr\\\/#\\\/schema\\\/logo\\\/image\\\/\",\"url\":\"https:\\\/\\\/www.hotelaquapetra.gr\\\/wp-content\\\/uploads\\\/2023\\\/11\\\/logo-no-background-6.png\",\"contentUrl\":\"https:\\\/\\\/www.hotelaquapetra.gr\\\/wp-content\\\/uploads\\\/2023\\\/11\\\/logo-no-background-6.png\",\"width\":160,\"height\":45,\"caption\":\"Aquapetra\"},\"image\":{\"@id\":\"http:\\\/\\\/www.hotelaquapetra.gr\\\/fr\\\/#\\\/schema\\\/logo\\\/image\\\/\"}}]}<\/script>\n<!-- \/ Yoast SEO plugin. -->","yoast_head_json":{"title":"Restaurant - Aquapetra","robots":{"index":"index","follow":"follow","max-snippet":"max-snippet:-1","max-image-preview":"max-image-preview:large","max-video-preview":"max-video-preview:-1"},"canonical":"https:\/\/www.hotelaquapetra.gr\/fr\/restauration\/","og_locale":"fr_FR","og_type":"article","og_title":"Restaurant - Aquapetra","og_description":"L'exp\u00e9rience gastronomique par excellence","og_url":"https:\/\/www.hotelaquapetra.gr\/fr\/restauration\/","og_site_name":"Aquapetra","article_modified_time":"2023-12-20T20:00:32+00:00","og_image":[{"url":"http:\/\/www.hotelaquapetra.gr\/wp-content\/uploads\/2023\/11\/2023-09-24.jpg","type":"","width":"","height":""}],"twitter_card":"summary_large_image","twitter_misc":{"Dur\u00e9e de lecture estim\u00e9e":"1 minute"},"schema":{"@context":"https:\/\/schema.org","@graph":[{"@type":"WebPage","@id":"https:\/\/www.hotelaquapetra.gr\/fr\/restauration\/","url":"https:\/\/www.hotelaquapetra.gr\/fr\/restauration\/","name":"Restaurant - Aquapetra","isPartOf":{"@id":"http:\/\/www.hotelaquapetra.gr\/fr\/#website"},"primaryImageOfPage":{"@id":"https:\/\/www.hotelaquapetra.gr\/fr\/restauration\/#primaryimage"},"image":{"@id":"https:\/\/www.hotelaquapetra.gr\/fr\/restauration\/#primaryimage"},"thumbnailUrl":"http:\/\/www.hotelaquapetra.gr\/wp-content\/uploads\/2023\/11\/2023-09-24.jpg","datePublished":"2020-09-21T16:54:39+00:00","dateModified":"2023-12-20T20:00:32+00:00","breadcrumb":{"@id":"https:\/\/www.hotelaquapetra.gr\/fr\/restauration\/#breadcrumb"},"inLanguage":"fr-FR","potentialAction":[{"@type":"ReadAction","target":["https:\/\/www.hotelaquapetra.gr\/fr\/restauration\/"]}]},{"@type":"ImageObject","inLanguage":"fr-FR","@id":"https:\/\/www.hotelaquapetra.gr\/fr\/restauration\/#primaryimage","url":"http:\/\/www.hotelaquapetra.gr\/wp-content\/uploads\/2023\/11\/2023-09-24.jpg","contentUrl":"http:\/\/www.hotelaquapetra.gr\/wp-content\/uploads\/2023\/11\/2023-09-24.jpg"},{"@type":"BreadcrumbList","@id":"https:\/\/www.hotelaquapetra.gr\/fr\/restauration\/#breadcrumb","itemListElement":[{"@type":"ListItem","position":1,"name":"Home","item":"https:\/\/www.hotelaquapetra.gr\/fr\/"},{"@type":"ListItem","position":2,"name":"Restaurant"}]},{"@type":"WebSite","@id":"http:\/\/www.hotelaquapetra.gr\/fr\/#website","url":"http:\/\/www.hotelaquapetra.gr\/fr\/","name":"Aquapetra","description":"Hotel in Amorgos","publisher":{"@id":"http:\/\/www.hotelaquapetra.gr\/fr\/#organization"},"potentialAction":[{"@type":"SearchAction","target":{"@type":"EntryPoint","urlTemplate":"http:\/\/www.hotelaquapetra.gr\/fr\/?s={search_term_string}"},"query-input":{"@type":"PropertyValueSpecification","valueRequired":true,"valueName":"search_term_string"}}],"inLanguage":"fr-FR"},{"@type":"Organization","@id":"http:\/\/www.hotelaquapetra.gr\/fr\/#organization","name":"Aquapetra","url":"http:\/\/www.hotelaquapetra.gr\/fr\/","logo":{"@type":"ImageObject","inLanguage":"fr-FR","@id":"http:\/\/www.hotelaquapetra.gr\/fr\/#\/schema\/logo\/image\/","url":"https:\/\/www.hotelaquapetra.gr\/wp-content\/uploads\/2023\/11\/logo-no-background-6.png","contentUrl":"https:\/\/www.hotelaquapetra.gr\/wp-content\/uploads\/2023\/11\/logo-no-background-6.png","width":160,"height":45,"caption":"Aquapetra"},"image":{"@id":"http:\/\/www.hotelaquapetra.gr\/fr\/#\/schema\/logo\/image\/"}}]}},"_links":{"self":[{"href":"https:\/\/www.hotelaquapetra.gr\/fr\/wp-json\/wp\/v2\/pages\/1643","targetHints":{"allow":["GET"]}}],"collection":[{"href":"https:\/\/www.hotelaquapetra.gr\/fr\/wp-json\/wp\/v2\/pages"}],"about":[{"href":"https:\/\/www.hotelaquapetra.gr\/fr\/wp-json\/wp\/v2\/types\/page"}],"author":[{"embeddable":true,"href":"https:\/\/www.hotelaquapetra.gr\/fr\/wp-json\/wp\/v2\/users\/1"}],"replies":[{"embeddable":true,"href":"https:\/\/www.hotelaquapetra.gr\/fr\/wp-json\/wp\/v2\/comments?post=1643"}],"version-history":[{"count":3,"href":"https:\/\/www.hotelaquapetra.gr\/fr\/wp-json\/wp\/v2\/pages\/1643\/revisions"}],"predecessor-version":[{"id":1798,"href":"https:\/\/www.hotelaquapetra.gr\/fr\/wp-json\/wp\/v2\/pages\/1643\/revisions\/1798"}],"wp:attachment":[{"href":"https:\/\/www.hotelaquapetra.gr\/fr\/wp-json\/wp\/v2\/media?parent=1643"}],"curies":[{"name":"wp","href":"https:\/\/api.w.org\/{rel}","templated":true}]}}