{"id":1657,"date":"2020-09-21T16:47:32","date_gmt":"2020-09-21T16:47:32","guid":{"rendered":"https:\/\/www.hotelaquapetra.gr\/installations-et-services\/"},"modified":"2023-12-19T20:29:12","modified_gmt":"2023-12-19T20:29:12","slug":"installations-et-services","status":"publish","type":"page","link":"https:\/\/www.hotelaquapetra.gr\/fr\/installations-et-services\/","title":{"rendered":"Installations et services"},"content":{"rendered":"\n<figure id=\"block-cf39c9-77\" class=\"wp-block-gutenbee-image block-cf39c9-77 size-full is-style-ci-theme-border-image is-style-ignition-aegean-border-image\"><img loading=\"lazy\" decoding=\"async\" width=\"1024\" height=\"638\" src=\"http:\/\/www.hotelaquapetra.gr\/wp-content\/uploads\/2023\/11\/AQUAPETRA-12-1024x638.jpg\" alt=\"\" class=\"wp-image-589\" style=\"border-color:#ffffff;border-style:solid;border-width:0px\" srcset=\"https:\/\/www.hotelaquapetra.gr\/wp-content\/uploads\/2023\/11\/AQUAPETRA-12-1024x638.jpg 1024w, https:\/\/www.hotelaquapetra.gr\/wp-content\/uploads\/2023\/11\/AQUAPETRA-12-300x187.jpg 300w, https:\/\/www.hotelaquapetra.gr\/wp-content\/uploads\/2023\/11\/AQUAPETRA-12-768x479.jpg 768w, https:\/\/www.hotelaquapetra.gr\/wp-content\/uploads\/2023\/11\/AQUAPETRA-12-1536x958.jpg 1536w, https:\/\/www.hotelaquapetra.gr\/wp-content\/uploads\/2023\/11\/AQUAPETRA-12.jpg 2000w\" sizes=\"auto, (max-width: 1024px) 100vw, 1024px\" \/><\/figure>\n<div id=\"block-572223-90\" class=\"wp-block-gutenbee-container block-572223-90\"><div class=\"wp-block-gutenbee-container-inner\"><div class=\"wp-block-gutenbee-container-row wp-block-gutenbee-container-md\">\n<div class=\"wp-block-gutenbee-column block-e54d28-77\"><style>.wp-block-gutenbee-column.block-e54d28-77 { flex-basis: 33.33%; }\n\n\n      @media (max-width: 991px) {\n        .wp-block-gutenbee-column.block-e54d28-77 { flex-basis: 100%; }\n      }\n    \n\n      @media (max-width: 575px) {\n        .wp-block-gutenbee-column.block-e54d28-77 { flex-basis: 100%; }\n      }<\/style><div class=\"wp-block-gutenbee-column-content\">\n<h2 id=\"block-27164f-ba\" class=\"wp-block-gutenbee-heading block-27164f-ba\">Installations et \u00e9quipements des Suites et Appartements<\/h2>\n<\/div><\/div>\n\n\n\n<div class=\"wp-block-gutenbee-column block-095114-cd\"><style>.wp-block-gutenbee-column.block-095114-cd { flex-basis: 66.66%; }\n\n\n      @media (max-width: 991px) {\n        .wp-block-gutenbee-column.block-095114-cd { flex-basis: 100%; }\n      }\n    \n\n      @media (max-width: 575px) {\n        .wp-block-gutenbee-column.block-095114-cd { flex-basis: 100%; }\n      }<\/style><div class=\"wp-block-gutenbee-column-content\">\n<p id=\"block-7f5532-9341-45\" class=\"wp-block-gutenbee-paragraph block-7f5532-9341-45\">Notre h\u00f4tel offre \u00e0 nos clients un large \u00e9ventail d&#8217;\u00e9quipements et de services capables de satisfaire tous les besoins exigeants et d&#8217;offrir confort, luxe et tranquillit\u00e9.<\/p>\n\n\n\n<ul class=\"wp-block-list\">\n<li>Connexion Internet ADSL<\/li>\n\n\n\n<li>Climatisation<\/li>\n\n\n\n<li>Bains et commodit\u00e9s<\/li>\n\n\n\n<li>Peignoirs et pantoufles<\/li>\n\n\n\n<li>Salle de bain avec douche<\/li>\n\n\n\n<li>Serviettes de plage<\/li>\n\n\n\n<li>T\u00e9l\u00e9vision par c\u00e2ble et satellite<\/li>\n\n\n\n<li>Placard<\/li>\n\n\n\n<li>Caf\u00e9<\/li>\n\n\n\n<li>Service de nettoyage quotidien<\/li>\n\n\n\n<li>Table \u00e0 manger<\/li>\n\n\n\n<li>Serrures \u00e9lectroniques<\/li>\n\n\n\n<li>T\u00e9l\u00e9vision \u00e0 \u00e9cran plat<\/li>\n\n\n\n<li>Kitchenette enti\u00e8rement \u00e9quip\u00e9e<\/li>\n\n\n\n<li>Vue sur le jardin<\/li>\n\n\n\n<li>S\u00e8che-cheveux<\/li>\n\n\n\n<li>Salle de s\u00e9jour<\/li>\n\n\n\n<li>Mini-Bar<\/li>\n\n\n\n<li>Ameublement moderne<\/li>\n\n\n\n<li>Serviettes de piscine<\/li>\n\n\n\n<li>Vue sur la piscine<\/li>\n\n\n\n<li>Balcon priv\u00e9<\/li>\n\n\n\n<li>Balcon ou terrasse priv\u00e9s<\/li>\n\n\n\n<li>R\u00e9frig\u00e9rateur<\/li>\n\n\n\n<li>Coffre-fort<\/li>\n\n\n\n<li>Vue sur la mer<\/li>\n\n\n\n<li>Vue lat\u00e9rale sur la mer<\/li>\n\n\n\n<li>Coin salon<\/li>\n\n\n\n<li>Chaussons<\/li>\n\n\n\n<li>Canap\u00e9-lit<\/li>\n\n\n\n<li>Fen\u00eatres insonoris\u00e9es<\/li>\n\n\n\n<li>V\u00e9randa<\/li>\n\n\n\n<li>Acc\u00e8s Internet Wi-Fi (gratuit)<\/li>\n<\/ul>\n\n\n\n<p id=\"block-abc686-591f-4c\" class=\"wp-block-gutenbee-paragraph block-abc686-591f-4c\"><\/p>\n<\/div><\/div>\n<\/div><\/div><div class=\"wp-block-gutenbee-container-background\" data-parallax-speed=\"0.3\"><\/div><\/div>\n\n<figure id=\"block-177abd-24d3-42\" class=\"wp-block-gutenbee-image block-177abd-24d3-42\"><img loading=\"lazy\" decoding=\"async\" width=\"1024\" height=\"671\" src=\"http:\/\/www.hotelaquapetra.gr\/wp-content\/uploads\/2023\/11\/AQUAPETRA-18-1024x671.jpg\" alt=\"\" class=\"wp-image-593\" srcset=\"https:\/\/www.hotelaquapetra.gr\/wp-content\/uploads\/2023\/11\/AQUAPETRA-18-1024x671.jpg 1024w, https:\/\/www.hotelaquapetra.gr\/wp-content\/uploads\/2023\/11\/AQUAPETRA-18-300x197.jpg 300w, https:\/\/www.hotelaquapetra.gr\/wp-content\/uploads\/2023\/11\/AQUAPETRA-18-768x503.jpg 768w, https:\/\/www.hotelaquapetra.gr\/wp-content\/uploads\/2023\/11\/AQUAPETRA-18-1536x1007.jpg 1536w, https:\/\/www.hotelaquapetra.gr\/wp-content\/uploads\/2023\/11\/AQUAPETRA-18.jpg 2000w\" sizes=\"auto, (max-width: 1024px) 100vw, 1024px\" \/><\/figure>\n<div id=\"block-4c00e2-9b15-42\" class=\"wp-block-gutenbee-container block-4c00e2-9b15-42\"><div class=\"wp-block-gutenbee-container-inner\"><div class=\"wp-block-gutenbee-container-row wp-block-gutenbee-container-md\">\n<div class=\"wp-block-gutenbee-column block-6156ae-9f6d-40\"><style>.wp-block-gutenbee-column.block-6156ae-9f6d-40 { flex-basis: 33.33%; }\n\n\n      @media (max-width: 991px) {\n        .wp-block-gutenbee-column.block-6156ae-9f6d-40 { flex-basis: 100%; }\n      }\n    \n\n      @media (max-width: 575px) {\n        .wp-block-gutenbee-column.block-6156ae-9f6d-40 { flex-basis: 100%; }\n      }<\/style><div class=\"wp-block-gutenbee-column-content\">\n<h2 id=\"block-6c4737-cde2-45\" class=\"wp-block-gutenbee-heading block-6c4737-cde2-45\">Services h\u00f4teliers<\/h2>\n<\/div><\/div>\n\n\n\n<div class=\"wp-block-gutenbee-column block-4d864f-8e3a-4c\"><style>.wp-block-gutenbee-column.block-4d864f-8e3a-4c { flex-basis: 66.66%; }\n\n\n      @media (max-width: 991px) {\n        .wp-block-gutenbee-column.block-4d864f-8e3a-4c { flex-basis: 100%; }\n      }\n    \n\n      @media (max-width: 575px) {\n        .wp-block-gutenbee-column.block-4d864f-8e3a-4c { flex-basis: 100%; }\n      }<\/style><div class=\"wp-block-gutenbee-column-content\">\n<ul class=\"wp-block-list\">\n<li>Barre<\/li>\n\n\n\n<li>Bar de la plage<\/li>\n\n\n\n<li>Transats et parasols de plage<\/li>\n\n\n\n<li>Serviettes de plage<\/li>\n\n\n\n<li>Service de t\u00e9l\u00e9copie et de photocopie<\/li>\n\n\n\n<li>Le coin de l&#8217;Internet<\/li>\n\n\n\n<li>Aire de stationnement<\/li>\n\n\n\n<li>Bar de la piscine<\/li>\n\n\n\n<li>Snack-bar de la piscine<\/li>\n\n\n\n<li>Serviettes de piscine<\/li>\n\n\n\n<li>Restaurant<\/li>\n\n\n\n<li>T\u00e9l\u00e9vision par satellite<\/li>\n\n\n\n<li>Douche et vestiaire<\/li>\n\n\n\n<li>Piscine<\/li>\n\n\n\n<li>Acc\u00e8s Internet Wi-Fi<\/li>\n<\/ul>\n\n\n\n<p id=\"block-9d9cc9-323b-45\" class=\"wp-block-gutenbee-paragraph block-9d9cc9-323b-45\" style=\"background-color:#f5f5f5\">Pour plus d&#8217;informations, appelez-nous aujourd&#8217;hui au <strong>+30 <\/strong>22850 73011 ou utilisez le <a data-type=\"page\" data-id=\"1092\" href=\"https:\/\/www.cssigniter.com\/demos\/aegean-resort\/contact\/\">formulaire de contact<\/a>.<\/p><style>.wp-block-gutenbee-paragraph.block-9d9cc9-323b-45 { margin-bottom: 0px; padding: 15px 15px 15px 15px; }<\/style><\/div><\/div>\n<\/div><\/div><div class=\"wp-block-gutenbee-container-background\" data-parallax-speed=\"0.3\"><\/div><\/div>\n","protected":false},"excerpt":{"rendered":"","protected":false},"author":1,"featured_media":0,"parent":0,"menu_order":0,"comment_status":"closed","ping_status":"closed","template":"templates\/template-fullwidth-boxed.php","meta":{"content-type":"","inline_featured_image":false,"_exactmetrics_skip_tracking":false,"_exactmetrics_sitenote_active":false,"_exactmetrics_sitenote_note":"","_exactmetrics_sitenote_category":0,"footnotes":""},"class_list":["post-1657","page","type-page","status-publish","hentry"],"yoast_head":"<!-- This site is optimized with the Yoast SEO plugin v27.4 - https:\/\/yoast.com\/product\/yoast-seo-wordpress\/ -->\n<title>Installations et services - Aquapetra<\/title>\n<meta name=\"robots\" content=\"index, follow, max-snippet:-1, max-image-preview:large, max-video-preview:-1\" \/>\n<link rel=\"canonical\" href=\"https:\/\/www.hotelaquapetra.gr\/fr\/installations-et-services\/\" \/>\n<meta property=\"og:locale\" content=\"fr_FR\" \/>\n<meta property=\"og:type\" content=\"article\" \/>\n<meta property=\"og:title\" content=\"Installations et services - Aquapetra\" \/>\n<meta property=\"og:url\" content=\"https:\/\/www.hotelaquapetra.gr\/fr\/installations-et-services\/\" \/>\n<meta property=\"og:site_name\" content=\"Aquapetra\" \/>\n<meta property=\"article:modified_time\" content=\"2023-12-19T20:29:12+00:00\" \/>\n<meta property=\"og:image\" content=\"http:\/\/www.hotelaquapetra.gr\/wp-content\/uploads\/2023\/11\/AQUAPETRA-12-1024x638.jpg\" \/>\n<meta name=\"twitter:card\" content=\"summary_large_image\" \/>\n<meta name=\"twitter:label1\" content=\"Dur\u00e9e de lecture estim\u00e9e\" \/>\n\t<meta name=\"twitter:data1\" content=\"1 minute\" \/>\n<script type=\"application\/ld+json\" class=\"yoast-schema-graph\">{\"@context\":\"https:\\\/\\\/schema.org\",\"@graph\":[{\"@type\":\"WebPage\",\"@id\":\"https:\\\/\\\/www.hotelaquapetra.gr\\\/fr\\\/installations-et-services\\\/\",\"url\":\"https:\\\/\\\/www.hotelaquapetra.gr\\\/fr\\\/installations-et-services\\\/\",\"name\":\"Installations et services - Aquapetra\",\"isPartOf\":{\"@id\":\"http:\\\/\\\/www.hotelaquapetra.gr\\\/fr\\\/#website\"},\"primaryImageOfPage\":{\"@id\":\"https:\\\/\\\/www.hotelaquapetra.gr\\\/fr\\\/installations-et-services\\\/#primaryimage\"},\"image\":{\"@id\":\"https:\\\/\\\/www.hotelaquapetra.gr\\\/fr\\\/installations-et-services\\\/#primaryimage\"},\"thumbnailUrl\":\"http:\\\/\\\/www.hotelaquapetra.gr\\\/wp-content\\\/uploads\\\/2023\\\/11\\\/AQUAPETRA-12-1024x638.jpg\",\"datePublished\":\"2020-09-21T16:47:32+00:00\",\"dateModified\":\"2023-12-19T20:29:12+00:00\",\"breadcrumb\":{\"@id\":\"https:\\\/\\\/www.hotelaquapetra.gr\\\/fr\\\/installations-et-services\\\/#breadcrumb\"},\"inLanguage\":\"fr-FR\",\"potentialAction\":[{\"@type\":\"ReadAction\",\"target\":[\"https:\\\/\\\/www.hotelaquapetra.gr\\\/fr\\\/installations-et-services\\\/\"]}]},{\"@type\":\"ImageObject\",\"inLanguage\":\"fr-FR\",\"@id\":\"https:\\\/\\\/www.hotelaquapetra.gr\\\/fr\\\/installations-et-services\\\/#primaryimage\",\"url\":\"http:\\\/\\\/www.hotelaquapetra.gr\\\/wp-content\\\/uploads\\\/2023\\\/11\\\/AQUAPETRA-12-1024x638.jpg\",\"contentUrl\":\"http:\\\/\\\/www.hotelaquapetra.gr\\\/wp-content\\\/uploads\\\/2023\\\/11\\\/AQUAPETRA-12-1024x638.jpg\"},{\"@type\":\"BreadcrumbList\",\"@id\":\"https:\\\/\\\/www.hotelaquapetra.gr\\\/fr\\\/installations-et-services\\\/#breadcrumb\",\"itemListElement\":[{\"@type\":\"ListItem\",\"position\":1,\"name\":\"Home\",\"item\":\"https:\\\/\\\/www.hotelaquapetra.gr\\\/fr\\\/\"},{\"@type\":\"ListItem\",\"position\":2,\"name\":\"Installations et services\"}]},{\"@type\":\"WebSite\",\"@id\":\"http:\\\/\\\/www.hotelaquapetra.gr\\\/fr\\\/#website\",\"url\":\"http:\\\/\\\/www.hotelaquapetra.gr\\\/fr\\\/\",\"name\":\"Aquapetra\",\"description\":\"Hotel in Amorgos\",\"publisher\":{\"@id\":\"http:\\\/\\\/www.hotelaquapetra.gr\\\/fr\\\/#organization\"},\"potentialAction\":[{\"@type\":\"SearchAction\",\"target\":{\"@type\":\"EntryPoint\",\"urlTemplate\":\"http:\\\/\\\/www.hotelaquapetra.gr\\\/fr\\\/?s={search_term_string}\"},\"query-input\":{\"@type\":\"PropertyValueSpecification\",\"valueRequired\":true,\"valueName\":\"search_term_string\"}}],\"inLanguage\":\"fr-FR\"},{\"@type\":\"Organization\",\"@id\":\"http:\\\/\\\/www.hotelaquapetra.gr\\\/fr\\\/#organization\",\"name\":\"Aquapetra\",\"url\":\"http:\\\/\\\/www.hotelaquapetra.gr\\\/fr\\\/\",\"logo\":{\"@type\":\"ImageObject\",\"inLanguage\":\"fr-FR\",\"@id\":\"http:\\\/\\\/www.hotelaquapetra.gr\\\/fr\\\/#\\\/schema\\\/logo\\\/image\\\/\",\"url\":\"https:\\\/\\\/www.hotelaquapetra.gr\\\/wp-content\\\/uploads\\\/2023\\\/11\\\/logo-no-background-6.png\",\"contentUrl\":\"https:\\\/\\\/www.hotelaquapetra.gr\\\/wp-content\\\/uploads\\\/2023\\\/11\\\/logo-no-background-6.png\",\"width\":160,\"height\":45,\"caption\":\"Aquapetra\"},\"image\":{\"@id\":\"http:\\\/\\\/www.hotelaquapetra.gr\\\/fr\\\/#\\\/schema\\\/logo\\\/image\\\/\"}}]}<\/script>\n<!-- \/ Yoast SEO plugin. -->","yoast_head_json":{"title":"Installations et services - Aquapetra","robots":{"index":"index","follow":"follow","max-snippet":"max-snippet:-1","max-image-preview":"max-image-preview:large","max-video-preview":"max-video-preview:-1"},"canonical":"https:\/\/www.hotelaquapetra.gr\/fr\/installations-et-services\/","og_locale":"fr_FR","og_type":"article","og_title":"Installations et services - Aquapetra","og_url":"https:\/\/www.hotelaquapetra.gr\/fr\/installations-et-services\/","og_site_name":"Aquapetra","article_modified_time":"2023-12-19T20:29:12+00:00","og_image":[{"url":"http:\/\/www.hotelaquapetra.gr\/wp-content\/uploads\/2023\/11\/AQUAPETRA-12-1024x638.jpg","type":"","width":"","height":""}],"twitter_card":"summary_large_image","twitter_misc":{"Dur\u00e9e de lecture estim\u00e9e":"1 minute"},"schema":{"@context":"https:\/\/schema.org","@graph":[{"@type":"WebPage","@id":"https:\/\/www.hotelaquapetra.gr\/fr\/installations-et-services\/","url":"https:\/\/www.hotelaquapetra.gr\/fr\/installations-et-services\/","name":"Installations et services - Aquapetra","isPartOf":{"@id":"http:\/\/www.hotelaquapetra.gr\/fr\/#website"},"primaryImageOfPage":{"@id":"https:\/\/www.hotelaquapetra.gr\/fr\/installations-et-services\/#primaryimage"},"image":{"@id":"https:\/\/www.hotelaquapetra.gr\/fr\/installations-et-services\/#primaryimage"},"thumbnailUrl":"http:\/\/www.hotelaquapetra.gr\/wp-content\/uploads\/2023\/11\/AQUAPETRA-12-1024x638.jpg","datePublished":"2020-09-21T16:47:32+00:00","dateModified":"2023-12-19T20:29:12+00:00","breadcrumb":{"@id":"https:\/\/www.hotelaquapetra.gr\/fr\/installations-et-services\/#breadcrumb"},"inLanguage":"fr-FR","potentialAction":[{"@type":"ReadAction","target":["https:\/\/www.hotelaquapetra.gr\/fr\/installations-et-services\/"]}]},{"@type":"ImageObject","inLanguage":"fr-FR","@id":"https:\/\/www.hotelaquapetra.gr\/fr\/installations-et-services\/#primaryimage","url":"http:\/\/www.hotelaquapetra.gr\/wp-content\/uploads\/2023\/11\/AQUAPETRA-12-1024x638.jpg","contentUrl":"http:\/\/www.hotelaquapetra.gr\/wp-content\/uploads\/2023\/11\/AQUAPETRA-12-1024x638.jpg"},{"@type":"BreadcrumbList","@id":"https:\/\/www.hotelaquapetra.gr\/fr\/installations-et-services\/#breadcrumb","itemListElement":[{"@type":"ListItem","position":1,"name":"Home","item":"https:\/\/www.hotelaquapetra.gr\/fr\/"},{"@type":"ListItem","position":2,"name":"Installations et services"}]},{"@type":"WebSite","@id":"http:\/\/www.hotelaquapetra.gr\/fr\/#website","url":"http:\/\/www.hotelaquapetra.gr\/fr\/","name":"Aquapetra","description":"Hotel in Amorgos","publisher":{"@id":"http:\/\/www.hotelaquapetra.gr\/fr\/#organization"},"potentialAction":[{"@type":"SearchAction","target":{"@type":"EntryPoint","urlTemplate":"http:\/\/www.hotelaquapetra.gr\/fr\/?s={search_term_string}"},"query-input":{"@type":"PropertyValueSpecification","valueRequired":true,"valueName":"search_term_string"}}],"inLanguage":"fr-FR"},{"@type":"Organization","@id":"http:\/\/www.hotelaquapetra.gr\/fr\/#organization","name":"Aquapetra","url":"http:\/\/www.hotelaquapetra.gr\/fr\/","logo":{"@type":"ImageObject","inLanguage":"fr-FR","@id":"http:\/\/www.hotelaquapetra.gr\/fr\/#\/schema\/logo\/image\/","url":"https:\/\/www.hotelaquapetra.gr\/wp-content\/uploads\/2023\/11\/logo-no-background-6.png","contentUrl":"https:\/\/www.hotelaquapetra.gr\/wp-content\/uploads\/2023\/11\/logo-no-background-6.png","width":160,"height":45,"caption":"Aquapetra"},"image":{"@id":"http:\/\/www.hotelaquapetra.gr\/fr\/#\/schema\/logo\/image\/"}}]}},"_links":{"self":[{"href":"https:\/\/www.hotelaquapetra.gr\/fr\/wp-json\/wp\/v2\/pages\/1657","targetHints":{"allow":["GET"]}}],"collection":[{"href":"https:\/\/www.hotelaquapetra.gr\/fr\/wp-json\/wp\/v2\/pages"}],"about":[{"href":"https:\/\/www.hotelaquapetra.gr\/fr\/wp-json\/wp\/v2\/types\/page"}],"author":[{"embeddable":true,"href":"https:\/\/www.hotelaquapetra.gr\/fr\/wp-json\/wp\/v2\/users\/1"}],"replies":[{"embeddable":true,"href":"https:\/\/www.hotelaquapetra.gr\/fr\/wp-json\/wp\/v2\/comments?post=1657"}],"version-history":[{"count":1,"href":"https:\/\/www.hotelaquapetra.gr\/fr\/wp-json\/wp\/v2\/pages\/1657\/revisions"}],"predecessor-version":[{"id":1662,"href":"https:\/\/www.hotelaquapetra.gr\/fr\/wp-json\/wp\/v2\/pages\/1657\/revisions\/1662"}],"wp:attachment":[{"href":"https:\/\/www.hotelaquapetra.gr\/fr\/wp-json\/wp\/v2\/media?parent=1657"}],"curies":[{"name":"wp","href":"https:\/\/api.w.org\/{rel}","templated":true}]}}