{"id":1675,"date":"2023-12-18T20:07:38","date_gmt":"2023-12-18T20:07:38","guid":{"rendered":"https:\/\/www.hotelaquapetra.gr\/lhistoire\/"},"modified":"2023-12-19T20:29:11","modified_gmt":"2023-12-19T20:29:11","slug":"lhistoire","status":"publish","type":"page","link":"https:\/\/www.hotelaquapetra.gr\/fr\/lhistoire\/","title":{"rendered":"L&#8217;histoire"},"content":{"rendered":"\n<h2 id=\"block-9ffffd-26\" class=\"wp-block-gutenbee-heading block-9ffffd-26\">Bienvenue \u00e0 Aquapetra<\/h2>\n\n<p>L&#8217;h\u00f4tel Aquapetra est situ\u00e9 dans le golfe de St Pavlos, \u00e0 seulement 5 km du port d&#8217;Aegiali, 15 km du port de Katapola et 9 km de Chora (terre ferme), la capitale de l&#8217;\u00eele, et offre une vue imprenable sur l&#8217;\u00eele de Nikouria.<\/p>\n\n<div id=\"block-ccf67e-7c3c-40\" class=\"wp-block-gutenbee-google-maps block-ccf67e-7c3c-40\"><style>.wp-block-gutenbee-google-maps.block-ccf67e-7c3c-40 { height: 280px; }\n\n\n      @media (max-width: 991px) {\n        .wp-block-gutenbee-google-maps.block-ccf67e-7c3c-40 { height: 280px; }\n      }\n    \n\n      @media (max-width: 575px) {\n        .wp-block-gutenbee-google-maps.block-ccf67e-7c3c-40 { height: 280px; }\n      }<\/style><div data-latitude=\"36.877411255736355\" data-longitude=\"25.931588352239974\" data-zoom=\"11\" data-prevent-scroll=\"true\" data-info-window=\"\" data-marker-icon=\"\"><\/div><\/div>\n\n<h2 id=\"block-269efb-51\" class=\"wp-block-gutenbee-heading block-269efb-51\">Histoire d&#8217;Amorgos<\/h2>\n\n<p>Dans l&#8217;Antiquit\u00e9, Amorgos s&#8217;appelait Pagali, Psychia, Karkisia et Melania.<br\/>Les d\u00e9couvertes historiques montrent que les premiers hommes sont arriv\u00e9s \u00e0 Amorgos au cours du 5e mill\u00e9naire avant J.-C. Les arch\u00e9ologues ont d\u00e9couvert qu&#8217;au cours du 3e mill\u00e9naire, la civilisation des Cyclades s&#8217;est d\u00e9velopp\u00e9e.<br\/>Plus tard, Amorgos est peupl\u00e9e par Milito et Naxo et participe \u00e0 la premi\u00e8re alliance avec Ath\u00e8nes. Entre le 3e et le 2e si\u00e8cle avant J.-C., Amorgos appartenait \u00e0 la Mac\u00e9doine, aux Ptol\u00e9m\u00e9es, \u00e0 Samo, \u00e0 Rhodes et aux Romains.<br\/>En tant qu&#8217;\u00eele, elle \u00e9tait la cible des pirates sarrasins et les habitants, effray\u00e9s, se cachaient dans le ch\u00e2teau, la place Kastri ou les 23 autres tours de l&#8217;\u00eele. Pendant la p\u00e9riode de l&#8217;iconoclasme, l&#8217;ic\u00f4ne sainte d&#8217;Hozoviotissas vient de Palestine. En 1088, Alexios Komninos a r\u00e9nov\u00e9 le monast\u00e8re afin d&#8217;honorer la Sainte Ic\u00f4ne.<br\/>L&#8217;\u00eele compte de nombreux monuments architecturaux datant de la p\u00e9riode v\u00e9nitienne, comme la tour de Gavra, Kato Lakkos.<br\/>Pendant la p\u00e9riode ottomane, Amorgos a connu un pic \u00e9conomique et une r\u00e9g\u00e9n\u00e9ration.<br\/>En 1822, la Gr\u00e8ce repart \u00e0 z\u00e9ro et \u00e0 Amorgos est construite l&#8217;une des premi\u00e8res \u00e9coles grecques aux frais du monast\u00e8re.<\/p>\n\n<p id=\"block-ec06cf-0d\" class=\"wp-block-gutenbee-paragraph block-ec06cf-0d\"><\/p>\n\n<div id=\"block-153c34-4e\" class=\"wp-block-gutenbee-divider block-153c34-4e align-center\" style=\"height:10px\"><div class=\"wp-block-gutenbee-divider-inner\" style=\"border-top-style:dotted;border-top-width:1px;border-top-color:#929292;width:100%\"><\/div><\/div>\n\n<h2 id=\"block-d12702-63\" class=\"wp-block-gutenbee-heading block-d12702-63\">Plages<\/h2>\n\n<p>Amorgos n&#8217;est pas vraiment connue pour ses longues plages de sable, mais pour ses petites criques de sable ou de galets aux eaux turquoises.<br\/>\u00c0 Katapola, vous trouverez les plages de Maltezi et de Plakes, toutes deux accessibles par bateau \u00e0 partir de l&#8217;embarcad\u00e8re du port.<br\/>\u00c0 Aegiali, vous trouverez la plage d&#8217;Aegiali, Levrossos et Psili Ammos.<br\/>Pr\u00e8s d&#8217;Aegiali se trouve la plage d&#8217;Aghios Pavlos, d&#8217;o\u00f9 l&#8217;on peut prendre le bateau pour rejoindre l&#8217;une des plages de l&#8217;\u00eelot de Nikouria.<br\/>Pr\u00e8s de Chora se trouve la plage d&#8217;Aghia Anna, c\u00e9l\u00e8bre dans le film &#8220;Le grand bleu&#8221;.<br\/>Dans la partie sud de l&#8217;\u00eele, vous trouverez les plages de Mouros et de Paradisia.<br\/>Et aussi la plage de Kalotaritissa d&#8217;o\u00f9 l&#8217;on peut prendre le bateau pour l&#8217;\u00eelot de Gramvousa avec l&#8217;une des plages les plus magnifiques d&#8217;Amorgos.<\/p>\n\n<div id=\"block-0b3154-bc\" class=\"wp-block-gutenbee-justified-gallery block-0b3154-bc wp-block-gutenbee-gallery-columns gutenbee-columns-2 is-style-ci-theme-border-image is-style-ignition-aegean-border-image\" data-gallery-type=\"columns\" data-row-height=\"120\" data-margins=\"1\" data-last-row=\"nojustify\" data-randomize=\"false\"><div class=\"wp-block-gutenbee-gallery-content\"><div class=\"wp-block-gutenbee-gallery-item\"><a class=\"wp-block-gutenbee-gallery-item-link\" href=\"http:\/\/www.hotelaquapetra.gr\/wp-content\/uploads\/2023\/10\/aegiali-beach-to-the-port-scaled-1.jpg\" data-lightbox=\"gal[1675]\"><img decoding=\"async\" src=\"http:\/\/www.hotelaquapetra.gr\/wp-content\/uploads\/2023\/10\/aegiali-beach-to-the-port-scaled-1.jpg\" alt=\"\" data-id=\"468\" data-link=\"http:\/\/www.hotelaquapetra.gr\/index.php\/location\/aegiali-beach-to-the-port-scaled\/\" data-source-url=\"http:\/\/www.hotelaquapetra.gr\/wp-content\/uploads\/2023\/10\/aegiali-beach-to-the-port-scaled-1.jpg\" class=\"wp-block-gutenbee-gallery-item-image\"\/><\/a><\/div><div class=\"wp-block-gutenbee-gallery-item\"><a class=\"wp-block-gutenbee-gallery-item-link\" href=\"http:\/\/www.hotelaquapetra.gr\/wp-content\/uploads\/2023\/10\/gramvousa-azul-scaled-1.jpg\" data-lightbox=\"gal[1675]\"><img decoding=\"async\" src=\"http:\/\/www.hotelaquapetra.gr\/wp-content\/uploads\/2023\/10\/gramvousa-azul-scaled-1.jpg\" alt=\"\" data-id=\"469\" data-link=\"http:\/\/www.hotelaquapetra.gr\/index.php\/location\/gramvousa-azul-scaled\/\" data-source-url=\"http:\/\/www.hotelaquapetra.gr\/wp-content\/uploads\/2023\/10\/gramvousa-azul-scaled-1.jpg\" class=\"wp-block-gutenbee-gallery-item-image\"\/><\/a><\/div><div class=\"wp-block-gutenbee-gallery-item\"><a class=\"wp-block-gutenbee-gallery-item-link\" href=\"http:\/\/www.hotelaquapetra.gr\/wp-content\/uploads\/2023\/10\/kalotaritissa-beach-and-bay-scaled-1.jpg\" data-lightbox=\"gal[1675]\"><img decoding=\"async\" src=\"http:\/\/www.hotelaquapetra.gr\/wp-content\/uploads\/2023\/10\/kalotaritissa-beach-and-bay-scaled-1.jpg\" alt=\"\" data-id=\"470\" data-link=\"http:\/\/www.hotelaquapetra.gr\/index.php\/location\/kalotaritissa-beach-and-bay-scaled\/\" data-source-url=\"http:\/\/www.hotelaquapetra.gr\/wp-content\/uploads\/2023\/10\/kalotaritissa-beach-and-bay-scaled-1.jpg\" class=\"wp-block-gutenbee-gallery-item-image\"\/><\/a><\/div><div class=\"wp-block-gutenbee-gallery-item\"><a class=\"wp-block-gutenbee-gallery-item-link\" href=\"http:\/\/www.hotelaquapetra.gr\/wp-content\/uploads\/2023\/10\/mouros-beach-calm-scaled-1.jpg\" data-lightbox=\"gal[1675]\"><img decoding=\"async\" src=\"http:\/\/www.hotelaquapetra.gr\/wp-content\/uploads\/2023\/10\/mouros-beach-calm-scaled-1.jpg\" alt=\"\" data-id=\"471\" data-link=\"http:\/\/www.hotelaquapetra.gr\/index.php\/location\/mouros-beach-calm-scaled\/\" data-source-url=\"http:\/\/www.hotelaquapetra.gr\/wp-content\/uploads\/2023\/10\/mouros-beach-calm-scaled-1.jpg\" class=\"wp-block-gutenbee-gallery-item-image\"\/><\/a><\/div><\/div><\/div>\n\n<div id=\"block-867d3f-ac\" class=\"wp-block-gutenbee-divider block-867d3f-ac align-center\" style=\"height:10px\"><div class=\"wp-block-gutenbee-divider-inner\" style=\"border-top-style:dotted;border-top-width:1px;border-top-color:#929292;width:100%\"><\/div><\/div>\n\n<h2 id=\"block-ceba83-68\" class=\"wp-block-gutenbee-heading block-ceba83-68\">Sites \u00e0 visiter<\/h2>\n\n<div id=\"block-ce8019-00\" class=\"wp-block-gutenbee-container block-ce8019-00\"><div class=\"wp-block-gutenbee-container-inner\"><div class=\"wp-block-gutenbee-container-row wp-block-gutenbee-container-lg\">\n<div class=\"wp-block-gutenbee-column block-00b457-87\"><style>.wp-block-gutenbee-column.block-00b457-87 { flex-basis: 50%; }\n\n\n      @media (max-width: 991px) {\n        .wp-block-gutenbee-column.block-00b457-87 > .wp-block-gutenbee-column-content { margin-bottom: 30px; }\n.wp-block-gutenbee-column.block-00b457-87 { flex-basis: 100%; }\n      }\n    \n\n      @media (max-width: 575px) {\n        .wp-block-gutenbee-column.block-00b457-87 { flex-basis: 100%; }\n      }<\/style><div class=\"wp-block-gutenbee-column-content\">\n<figure id=\"block-aae1c7-4b\" class=\"wp-block-gutenbee-image block-aae1c7-4b size-medium is-style-ci-theme-border-image is-style-ignition-aegean-border-image\"><img loading=\"lazy\" decoding=\"async\" width=\"1024\" height=\"680\" src=\"http:\/\/www.hotelaquapetra.gr\/wp-content\/uploads\/2023\/10\/monastery5-1024x680-1.jpg\" alt=\"\" class=\"wp-image-474\" srcset=\"https:\/\/www.hotelaquapetra.gr\/wp-content\/uploads\/2023\/10\/monastery5-1024x680-1.jpg 1024w, https:\/\/www.hotelaquapetra.gr\/wp-content\/uploads\/2023\/10\/monastery5-1024x680-1-300x199.jpg 300w, https:\/\/www.hotelaquapetra.gr\/wp-content\/uploads\/2023\/10\/monastery5-1024x680-1-768x510.jpg 768w\" sizes=\"auto, (max-width: 1024px) 100vw, 1024px\" \/><\/figure><\/div><\/div>\n\n\n\n<div class=\"wp-block-gutenbee-column block-09dc9b-2c\"><style>.wp-block-gutenbee-column.block-09dc9b-2c > .wp-block-gutenbee-column-content { justify-content: center; }\n.wp-block-gutenbee-column.block-09dc9b-2c { flex-basis: 50%; }\n\n\n      @media (max-width: 991px) {\n        .wp-block-gutenbee-column.block-09dc9b-2c { flex-basis: 100%; }\n      }\n    \n\n      @media (max-width: 575px) {\n        .wp-block-gutenbee-column.block-09dc9b-2c { flex-basis: 100%; }\n      }<\/style><div class=\"wp-block-gutenbee-column-content\">\n<h3 id=\"block-eefbc1-56\" class=\"wp-block-gutenbee-heading block-eefbc1-56\">Monast\u00e8re<\/h3>\n\n\n\n<p>La visite du monast\u00e8re de Panaghia Chozoviotissa est vraiment l&#8217;une de ces exp\u00e9riences que l&#8217;on garde en m\u00e9moire pour le reste de sa vie.<br\/>Le monast\u00e8re est perch\u00e9 sur les rochers, \u00e0 300 m\u00e8tres au-dessus du niveau de la mer. Il a \u00e9t\u00e9 construit pour abriter l&#8217;ic\u00f4ne miraculeuse de la Vierge Marie, qui est myst\u00e9rieusement arriv\u00e9e sur le rivage en contrebas depuis Hozova, une ville de Palestine, au cours du IXe si\u00e8cle. L&#8217;empereur byzantin Alexis Comn\u00e8ne Ier a officiellement fond\u00e9 le monast\u00e8re en 1088.<\/p>\n<\/div><\/div>\n<\/div><\/div><div class=\"wp-block-gutenbee-container-background\" data-parallax-speed=\"0.3\"><\/div><\/div>\n\n<div id=\"block-02c390-2b\" class=\"wp-block-gutenbee-container block-02c390-2b row-reverse-tablet row-reverse-mobile\"><div class=\"wp-block-gutenbee-container-inner\"><div class=\"wp-block-gutenbee-container-row wp-block-gutenbee-container-lg\">\n<div class=\"wp-block-gutenbee-column block-aa8521-ee\"><style>.wp-block-gutenbee-column.block-aa8521-ee > .wp-block-gutenbee-column-content { justify-content: center; }\n.wp-block-gutenbee-column.block-aa8521-ee { flex-basis: 50%; }\n\n\n      @media (max-width: 991px) {\n        .wp-block-gutenbee-column.block-aa8521-ee { flex-basis: 100%; }\n      }\n    \n\n      @media (max-width: 575px) {\n        .wp-block-gutenbee-column.block-aa8521-ee { flex-basis: 100%; }\n      }<\/style><div class=\"wp-block-gutenbee-column-content\">\n<h3 id=\"block-67bc28-d4\" class=\"wp-block-gutenbee-heading block-67bc28-d4\">Sites anciens<\/h3>\n\n\n\n<p>Les sites les plus importants d&#8217;Amorgos sont sans aucun doute la tour d&#8217;Aghia Triada \u00e0 Arkesini et les ruines de l&#8217;ancienne Minoa sur la colline de Moundoulia \u00e0 Katapola.<br\/>La tour date du 4e si\u00e8cle avant J.-C. et est consid\u00e9r\u00e9 comme l&#8217;un des monuments les plus importants des Cyclades.<br\/>Dans l&#8217;ancienne Minoa, le visiteur peut voir des parties des murs de la ville, le gymnase et le temple de Dionysos datant de 4000 av.<\/p>\n<\/div><\/div>\n\n\n\n<div class=\"wp-block-gutenbee-column block-9da348-b2\"><style>.wp-block-gutenbee-column.block-9da348-b2 { flex-basis: 50%; }\n\n\n      @media (max-width: 991px) {\n        .wp-block-gutenbee-column.block-9da348-b2 > .wp-block-gutenbee-column-content { margin-bottom: 30px; }\n.wp-block-gutenbee-column.block-9da348-b2 { flex-basis: 100%; }\n      }\n    \n\n      @media (max-width: 575px) {\n        .wp-block-gutenbee-column.block-9da348-b2 { flex-basis: 100%; }\n      }<\/style><div class=\"wp-block-gutenbee-column-content\">\n<figure id=\"block-94b805-1e\" class=\"wp-block-gutenbee-image block-94b805-1e size-medium is-style-ci-theme-border-image is-style-ignition-aegean-border-image\"><img loading=\"lazy\" decoding=\"async\" width=\"1024\" height=\"768\" src=\"http:\/\/www.hotelaquapetra.gr\/wp-content\/uploads\/2023\/10\/The-ancient-tower-of-Agia-Triada-1024x768-1.jpg\" alt=\"\" class=\"wp-image-477\" srcset=\"https:\/\/www.hotelaquapetra.gr\/wp-content\/uploads\/2023\/10\/The-ancient-tower-of-Agia-Triada-1024x768-1.jpg 1024w, https:\/\/www.hotelaquapetra.gr\/wp-content\/uploads\/2023\/10\/The-ancient-tower-of-Agia-Triada-1024x768-1-300x225.jpg 300w, https:\/\/www.hotelaquapetra.gr\/wp-content\/uploads\/2023\/10\/The-ancient-tower-of-Agia-Triada-1024x768-1-768x576.jpg 768w\" sizes=\"auto, (max-width: 1024px) 100vw, 1024px\" \/><\/figure>\n\n\n<p><\/p>\n<\/div><\/div>\n<\/div><\/div><div class=\"wp-block-gutenbee-container-background\" data-parallax-speed=\"0.3\"><\/div><\/div>\n","protected":false},"excerpt":{"rendered":"<p>L&#8217;h\u00f4tel Aquapetra est situ\u00e9 dans le golfe de St Pavlos, \u00e0 seulement 5 km du port d&#8217;Aegiali, 15 km du port de Katapola et 9 km de Chora (terre ferme), la capitale de l&#8217;\u00eele, et [&hellip;]<\/p>\n","protected":false},"author":1,"featured_media":0,"parent":0,"menu_order":0,"comment_status":"closed","ping_status":"closed","template":"","meta":{"content-type":"","inline_featured_image":false,"_exactmetrics_skip_tracking":false,"_exactmetrics_sitenote_active":false,"_exactmetrics_sitenote_note":"","_exactmetrics_sitenote_category":0,"footnotes":""},"class_list":["post-1675","page","type-page","status-publish","hentry"],"yoast_head":"<!-- This site is optimized with the Yoast SEO plugin v27.4 - https:\/\/yoast.com\/product\/yoast-seo-wordpress\/ -->\n<title>L&#039;histoire - Aquapetra<\/title>\n<meta name=\"robots\" content=\"index, follow, max-snippet:-1, max-image-preview:large, max-video-preview:-1\" \/>\n<link rel=\"canonical\" href=\"https:\/\/www.hotelaquapetra.gr\/fr\/lhistoire\/\" \/>\n<meta property=\"og:locale\" content=\"fr_FR\" \/>\n<meta property=\"og:type\" content=\"article\" \/>\n<meta property=\"og:title\" content=\"L&#039;histoire - Aquapetra\" \/>\n<meta property=\"og:description\" content=\"L&#8217;h\u00f4tel Aquapetra est situ\u00e9 dans le golfe de St Pavlos, \u00e0 seulement 5 km du port d&#8217;Aegiali, 15 km du port de Katapola et 9 km de Chora (terre ferme), la capitale de l&#8217;\u00eele, et [&hellip;]\" \/>\n<meta property=\"og:url\" content=\"https:\/\/www.hotelaquapetra.gr\/fr\/lhistoire\/\" \/>\n<meta property=\"og:site_name\" content=\"Aquapetra\" \/>\n<meta property=\"article:modified_time\" content=\"2023-12-19T20:29:11+00:00\" \/>\n<meta property=\"og:image\" content=\"http:\/\/www.hotelaquapetra.gr\/wp-content\/uploads\/2023\/10\/aegiali-beach-to-the-port-scaled-1.jpg\" \/>\n<meta name=\"twitter:card\" content=\"summary_large_image\" \/>\n<meta name=\"twitter:label1\" content=\"Dur\u00e9e de lecture estim\u00e9e\" \/>\n\t<meta name=\"twitter:data1\" content=\"3 minutes\" \/>\n<script type=\"application\/ld+json\" class=\"yoast-schema-graph\">{\"@context\":\"https:\\\/\\\/schema.org\",\"@graph\":[{\"@type\":\"WebPage\",\"@id\":\"https:\\\/\\\/www.hotelaquapetra.gr\\\/fr\\\/lhistoire\\\/\",\"url\":\"https:\\\/\\\/www.hotelaquapetra.gr\\\/fr\\\/lhistoire\\\/\",\"name\":\"L'histoire - Aquapetra\",\"isPartOf\":{\"@id\":\"http:\\\/\\\/www.hotelaquapetra.gr\\\/fr\\\/#website\"},\"primaryImageOfPage\":{\"@id\":\"https:\\\/\\\/www.hotelaquapetra.gr\\\/fr\\\/lhistoire\\\/#primaryimage\"},\"image\":{\"@id\":\"https:\\\/\\\/www.hotelaquapetra.gr\\\/fr\\\/lhistoire\\\/#primaryimage\"},\"thumbnailUrl\":\"http:\\\/\\\/www.hotelaquapetra.gr\\\/wp-content\\\/uploads\\\/2023\\\/10\\\/aegiali-beach-to-the-port-scaled-1.jpg\",\"datePublished\":\"2023-12-18T20:07:38+00:00\",\"dateModified\":\"2023-12-19T20:29:11+00:00\",\"breadcrumb\":{\"@id\":\"https:\\\/\\\/www.hotelaquapetra.gr\\\/fr\\\/lhistoire\\\/#breadcrumb\"},\"inLanguage\":\"fr-FR\",\"potentialAction\":[{\"@type\":\"ReadAction\",\"target\":[\"https:\\\/\\\/www.hotelaquapetra.gr\\\/fr\\\/lhistoire\\\/\"]}]},{\"@type\":\"ImageObject\",\"inLanguage\":\"fr-FR\",\"@id\":\"https:\\\/\\\/www.hotelaquapetra.gr\\\/fr\\\/lhistoire\\\/#primaryimage\",\"url\":\"http:\\\/\\\/www.hotelaquapetra.gr\\\/wp-content\\\/uploads\\\/2023\\\/10\\\/aegiali-beach-to-the-port-scaled-1.jpg\",\"contentUrl\":\"http:\\\/\\\/www.hotelaquapetra.gr\\\/wp-content\\\/uploads\\\/2023\\\/10\\\/aegiali-beach-to-the-port-scaled-1.jpg\"},{\"@type\":\"BreadcrumbList\",\"@id\":\"https:\\\/\\\/www.hotelaquapetra.gr\\\/fr\\\/lhistoire\\\/#breadcrumb\",\"itemListElement\":[{\"@type\":\"ListItem\",\"position\":1,\"name\":\"Home\",\"item\":\"https:\\\/\\\/www.hotelaquapetra.gr\\\/fr\\\/\"},{\"@type\":\"ListItem\",\"position\":2,\"name\":\"L&#8217;histoire\"}]},{\"@type\":\"WebSite\",\"@id\":\"http:\\\/\\\/www.hotelaquapetra.gr\\\/fr\\\/#website\",\"url\":\"http:\\\/\\\/www.hotelaquapetra.gr\\\/fr\\\/\",\"name\":\"Aquapetra\",\"description\":\"Hotel in Amorgos\",\"publisher\":{\"@id\":\"http:\\\/\\\/www.hotelaquapetra.gr\\\/fr\\\/#organization\"},\"potentialAction\":[{\"@type\":\"SearchAction\",\"target\":{\"@type\":\"EntryPoint\",\"urlTemplate\":\"http:\\\/\\\/www.hotelaquapetra.gr\\\/fr\\\/?s={search_term_string}\"},\"query-input\":{\"@type\":\"PropertyValueSpecification\",\"valueRequired\":true,\"valueName\":\"search_term_string\"}}],\"inLanguage\":\"fr-FR\"},{\"@type\":\"Organization\",\"@id\":\"http:\\\/\\\/www.hotelaquapetra.gr\\\/fr\\\/#organization\",\"name\":\"Aquapetra\",\"url\":\"http:\\\/\\\/www.hotelaquapetra.gr\\\/fr\\\/\",\"logo\":{\"@type\":\"ImageObject\",\"inLanguage\":\"fr-FR\",\"@id\":\"http:\\\/\\\/www.hotelaquapetra.gr\\\/fr\\\/#\\\/schema\\\/logo\\\/image\\\/\",\"url\":\"https:\\\/\\\/www.hotelaquapetra.gr\\\/wp-content\\\/uploads\\\/2023\\\/11\\\/logo-no-background-6.png\",\"contentUrl\":\"https:\\\/\\\/www.hotelaquapetra.gr\\\/wp-content\\\/uploads\\\/2023\\\/11\\\/logo-no-background-6.png\",\"width\":160,\"height\":45,\"caption\":\"Aquapetra\"},\"image\":{\"@id\":\"http:\\\/\\\/www.hotelaquapetra.gr\\\/fr\\\/#\\\/schema\\\/logo\\\/image\\\/\"}}]}<\/script>\n<!-- \/ Yoast SEO plugin. -->","yoast_head_json":{"title":"L'histoire - Aquapetra","robots":{"index":"index","follow":"follow","max-snippet":"max-snippet:-1","max-image-preview":"max-image-preview:large","max-video-preview":"max-video-preview:-1"},"canonical":"https:\/\/www.hotelaquapetra.gr\/fr\/lhistoire\/","og_locale":"fr_FR","og_type":"article","og_title":"L'histoire - Aquapetra","og_description":"L&#8217;h\u00f4tel Aquapetra est situ\u00e9 dans le golfe de St Pavlos, \u00e0 seulement 5 km du port d&#8217;Aegiali, 15 km du port de Katapola et 9 km de Chora (terre ferme), la capitale de l&#8217;\u00eele, et [&hellip;]","og_url":"https:\/\/www.hotelaquapetra.gr\/fr\/lhistoire\/","og_site_name":"Aquapetra","article_modified_time":"2023-12-19T20:29:11+00:00","og_image":[{"url":"http:\/\/www.hotelaquapetra.gr\/wp-content\/uploads\/2023\/10\/aegiali-beach-to-the-port-scaled-1.jpg","type":"","width":"","height":""}],"twitter_card":"summary_large_image","twitter_misc":{"Dur\u00e9e de lecture estim\u00e9e":"3 minutes"},"schema":{"@context":"https:\/\/schema.org","@graph":[{"@type":"WebPage","@id":"https:\/\/www.hotelaquapetra.gr\/fr\/lhistoire\/","url":"https:\/\/www.hotelaquapetra.gr\/fr\/lhistoire\/","name":"L'histoire - Aquapetra","isPartOf":{"@id":"http:\/\/www.hotelaquapetra.gr\/fr\/#website"},"primaryImageOfPage":{"@id":"https:\/\/www.hotelaquapetra.gr\/fr\/lhistoire\/#primaryimage"},"image":{"@id":"https:\/\/www.hotelaquapetra.gr\/fr\/lhistoire\/#primaryimage"},"thumbnailUrl":"http:\/\/www.hotelaquapetra.gr\/wp-content\/uploads\/2023\/10\/aegiali-beach-to-the-port-scaled-1.jpg","datePublished":"2023-12-18T20:07:38+00:00","dateModified":"2023-12-19T20:29:11+00:00","breadcrumb":{"@id":"https:\/\/www.hotelaquapetra.gr\/fr\/lhistoire\/#breadcrumb"},"inLanguage":"fr-FR","potentialAction":[{"@type":"ReadAction","target":["https:\/\/www.hotelaquapetra.gr\/fr\/lhistoire\/"]}]},{"@type":"ImageObject","inLanguage":"fr-FR","@id":"https:\/\/www.hotelaquapetra.gr\/fr\/lhistoire\/#primaryimage","url":"http:\/\/www.hotelaquapetra.gr\/wp-content\/uploads\/2023\/10\/aegiali-beach-to-the-port-scaled-1.jpg","contentUrl":"http:\/\/www.hotelaquapetra.gr\/wp-content\/uploads\/2023\/10\/aegiali-beach-to-the-port-scaled-1.jpg"},{"@type":"BreadcrumbList","@id":"https:\/\/www.hotelaquapetra.gr\/fr\/lhistoire\/#breadcrumb","itemListElement":[{"@type":"ListItem","position":1,"name":"Home","item":"https:\/\/www.hotelaquapetra.gr\/fr\/"},{"@type":"ListItem","position":2,"name":"L&#8217;histoire"}]},{"@type":"WebSite","@id":"http:\/\/www.hotelaquapetra.gr\/fr\/#website","url":"http:\/\/www.hotelaquapetra.gr\/fr\/","name":"Aquapetra","description":"Hotel in Amorgos","publisher":{"@id":"http:\/\/www.hotelaquapetra.gr\/fr\/#organization"},"potentialAction":[{"@type":"SearchAction","target":{"@type":"EntryPoint","urlTemplate":"http:\/\/www.hotelaquapetra.gr\/fr\/?s={search_term_string}"},"query-input":{"@type":"PropertyValueSpecification","valueRequired":true,"valueName":"search_term_string"}}],"inLanguage":"fr-FR"},{"@type":"Organization","@id":"http:\/\/www.hotelaquapetra.gr\/fr\/#organization","name":"Aquapetra","url":"http:\/\/www.hotelaquapetra.gr\/fr\/","logo":{"@type":"ImageObject","inLanguage":"fr-FR","@id":"http:\/\/www.hotelaquapetra.gr\/fr\/#\/schema\/logo\/image\/","url":"https:\/\/www.hotelaquapetra.gr\/wp-content\/uploads\/2023\/11\/logo-no-background-6.png","contentUrl":"https:\/\/www.hotelaquapetra.gr\/wp-content\/uploads\/2023\/11\/logo-no-background-6.png","width":160,"height":45,"caption":"Aquapetra"},"image":{"@id":"http:\/\/www.hotelaquapetra.gr\/fr\/#\/schema\/logo\/image\/"}}]}},"_links":{"self":[{"href":"https:\/\/www.hotelaquapetra.gr\/fr\/wp-json\/wp\/v2\/pages\/1675","targetHints":{"allow":["GET"]}}],"collection":[{"href":"https:\/\/www.hotelaquapetra.gr\/fr\/wp-json\/wp\/v2\/pages"}],"about":[{"href":"https:\/\/www.hotelaquapetra.gr\/fr\/wp-json\/wp\/v2\/types\/page"}],"author":[{"embeddable":true,"href":"https:\/\/www.hotelaquapetra.gr\/fr\/wp-json\/wp\/v2\/users\/1"}],"replies":[{"embeddable":true,"href":"https:\/\/www.hotelaquapetra.gr\/fr\/wp-json\/wp\/v2\/comments?post=1675"}],"version-history":[{"count":1,"href":"https:\/\/www.hotelaquapetra.gr\/fr\/wp-json\/wp\/v2\/pages\/1675\/revisions"}],"predecessor-version":[{"id":1678,"href":"https:\/\/www.hotelaquapetra.gr\/fr\/wp-json\/wp\/v2\/pages\/1675\/revisions\/1678"}],"wp:attachment":[{"href":"https:\/\/www.hotelaquapetra.gr\/fr\/wp-json\/wp\/v2\/media?parent=1675"}],"curies":[{"name":"wp","href":"https:\/\/api.w.org\/{rel}","templated":true}]}}