{"id":1652,"date":"2020-09-21T15:32:10","date_gmt":"2020-09-21T15:32:10","guid":{"rendered":"https:\/\/www.hotelaquapetra.gr\/il-villaggio-turistico\/"},"modified":"2023-12-19T22:32:50","modified_gmt":"2023-12-19T22:32:50","slug":"il-villaggio-turistico","status":"publish","type":"page","link":"https:\/\/www.hotelaquapetra.gr\/it\/","title":{"rendered":"L&#8217;Hotel"},"content":{"rendered":"\t\t<div id=\"maxslider-block-80817b-0e\" class=\"wp-block-maxslider-slider maxslider-block-80817b-0e \">\n\t\t\t<div\n\tid=\"maxslider-1740\"\n\tclass=\"maxslider\"\n\tdata-autoslide=\"true\" data-effect=\"fade\" data-slide-speed=\"5000\" data-height=\"700\" data-height_unit=\"px\" data-navigation=\"arrows\" data-navigation_fg_color=\"\" data-navigation_bg_color=\"rgba(33, 33, 33, 0.13)\" data-image_size=\"full\" data-arrows=\"1\" data-arrows_fg_color=\"\" data-arrows_bg_color=\"rgba(33, 33, 33, 0.13)\" >\n\t\t<div class=\"maxslider-slide maxslider-1740-slide-0\">\n\t\t<div class=\"maxslider-slide-content maxslider-align-center maxslider-align-middle\">\n\t\t\t<div class=\"maxslider-slide-content-pad\">\n\t\t\t\t\n\t\t\t\t\n\t\t\t\t\t\t\t<\/div>\n\t\t<\/div>\n\t<\/div>\n\t<div class=\"maxslider-slide maxslider-1740-slide-1\">\n\t\t<div class=\"maxslider-slide-content maxslider-align-center maxslider-align-middle\">\n\t\t\t<div class=\"maxslider-slide-content-pad\">\n\t\t\t\t\n\t\t\t\t\n\t\t\t\t\t\t\t<\/div>\n\t\t<\/div>\n\t<\/div>\n\t<div class=\"maxslider-slide maxslider-1740-slide-2\">\n\t\t<div class=\"maxslider-slide-content maxslider-align-center maxslider-align-middle\">\n\t\t\t<div class=\"maxslider-slide-content-pad\">\n\t\t\t\t\n\t\t\t\t\n\t\t\t\t\t\t\t<\/div>\n\t\t<\/div>\n\t<\/div>\n\t<div class=\"maxslider-slide maxslider-1740-slide-3\">\n\t\t<div class=\"maxslider-slide-content maxslider-align-center maxslider-align-middle\">\n\t\t\t<div class=\"maxslider-slide-content-pad\">\n\t\t\t\t\n\t\t\t\t\n\t\t\t\t\t\t\t<\/div>\n\t\t<\/div>\n\t<\/div>\n<\/div>\n\t\t<\/div>\n\t\t\n\n\n<div id=\"block-055aef-df52-4a\" class=\"wp-block-gutenbee-container block-055aef-df52-4a\"><style>.wp-block-gutenbee-container.block-055aef-df52-4a { margin-bottom: 0px; padding-top: 100px;  padding-bottom: 100px; }<\/style><div class=\"wp-block-gutenbee-container-inner\"><div class=\"wp-block-gutenbee-container-row wp-block-gutenbee-container-lg\">\n<div class=\"wp-block-gutenbee-column block-19d56d-f6ee-4e\"><style>.wp-block-gutenbee-column.block-19d56d-f6ee-4e { flex-basis: 100%; }\n\n\n      @media (max-width: 991px) {\n        .wp-block-gutenbee-column.block-19d56d-f6ee-4e { flex-basis: 100%; }\n      }\n    \n\n      @media (max-width: 575px) {\n        .wp-block-gutenbee-column.block-19d56d-f6ee-4e { flex-basis: 100%; }\n      }<\/style><div class=\"wp-block-gutenbee-column-content\">\n<h2 id=\"block-fe848f-88a2-47\" class=\"wp-block-gutenbee-heading block-fe848f-88a2-47\">Benvenuti all&#8217;Hotel Aquapetra<\/h2><style>.wp-block-gutenbee-heading.block-fe848f-88a2-47 { text-align: center; }<\/style>\n\n\n\n<p class=\"has-text-align-center\">L&#8217;hotel Aquapetra si trova nell&#8217;isola di Amorgos. Godetevi la splendida vista sul Mar Egeo<br>e l&#8217;isola di Nikouria.<br>Offriamo un servizio eccellente ai nostri ospiti in un ambiente confortevole, bello e tranquillo.<br>luogo.<br>Il nostro hotel \u00e8 una combinazione di stile moderno e stile tradizionale delle Cicladi, come<br>Amorgos \u00e8 una delle isole Cicladi. D\u00e0 l&#8217;opportunit\u00e0 ai visitatori di sentirsi<br>relax e un senso di casa.<\/p>\n<\/div><\/div>\n<\/div><\/div><div class=\"wp-block-gutenbee-container-background\" data-parallax-speed=\"0.3\"><\/div><\/div>\n\n\n\n<div id=\"block-93f77d-006f-49\" class=\"wp-block-gutenbee-container block-93f77d-006f-49 theme-grid alignfull\"><style>.wp-block-gutenbee-container.block-93f77d-006f-49 { margin-bottom: 0px; }<\/style><div class=\"wp-block-gutenbee-container-inner\"><div class=\"wp-block-gutenbee-container-row wp-block-gutenbee-container-lg\">\n<div class=\"wp-block-gutenbee-column block-01d418-98a6-4d\"><style>.wp-block-gutenbee-column.block-01d418-98a6-4d { flex-basis: 100%; }\n\n\n      @media (max-width: 991px) {\n        .wp-block-gutenbee-column.block-01d418-98a6-4d { flex-basis: 100%; }\n      }\n    \n\n      @media (max-width: 575px) {\n        .wp-block-gutenbee-column.block-01d418-98a6-4d { flex-basis: 100%; }\n      }<\/style><div class=\"wp-block-gutenbee-column-content\">\n<div class=\"wp-block-gutenbee-spacer block-8c697a-b016-45\" aria-hidden=\"true\"><style>.wp-block-gutenbee-spacer.block-8c697a-b016-45 { height: 100px; margin-bottom: 0px; }<\/style><div class=\"wp-block-gutenbee-spacer-background\" data-parallax-speed=\"0.3\"><\/div><\/div>\n\n\n\n<h2 id=\"block-9aea7b-417f-44\" class=\"wp-block-gutenbee-heading block-9aea7b-417f-44\">Le nostre suite<\/h2><style>.wp-block-gutenbee-heading.block-9aea7b-417f-44 { margin-bottom: 10px; text-align: center; }<\/style>\n\n\n\n<p id=\"block-de392a-1917-44\" class=\"wp-block-gutenbee-paragraph block-de392a-1917-44 has-text-color has-theme-medium-gray-color\">Sperimentate il comfort e la tranquillit\u00e0.<\/p><style>.wp-block-gutenbee-paragraph.block-de392a-1917-44 { margin-bottom: 50px; text-align: center; }<\/style>\n\n\n<div\n\t\t\t\tid=\"block-cff270-0210-40\"\n\t\t\t\tclass=\"wp-block-gutenbee-post-types block-cff270-0210-40 \"\n\t\t\t\t\t\t\t><div class=\"row row-items row-columns-2\">\t\t\t\t<div class=\"suite term-31 col-sm-6 col-12\">\n<div id=\"entry-item-1707\" class=\"entry-item post-1707 ignition-accommodati type-ignition-accommodati status-publish has-post-thumbnail hentry ignition_accommodation_category-suite\">\n\t\t\t<figure class=\"entry-item-thumb\">\n\t\t\t<a href=\"https:\/\/www.hotelaquapetra.gr\/it\/accommodation\/junior-suite\/\">\n\t\t\t\t<img loading=\"lazy\" decoding=\"async\" width=\"615\" height=\"410\" src=\"https:\/\/www.hotelaquapetra.gr\/wp-content\/uploads\/2020\/09\/AQUAPETRA-13-615x410.jpg\" class=\"attachment-ignition_item size-ignition_item wp-post-image\" alt=\"\" srcset=\"https:\/\/www.hotelaquapetra.gr\/wp-content\/uploads\/2020\/09\/AQUAPETRA-13-615x410.jpg 615w, https:\/\/www.hotelaquapetra.gr\/wp-content\/uploads\/2020\/09\/AQUAPETRA-13-300x200.jpg 300w, https:\/\/www.hotelaquapetra.gr\/wp-content\/uploads\/2020\/09\/AQUAPETRA-13-1024x682.jpg 1024w, https:\/\/www.hotelaquapetra.gr\/wp-content\/uploads\/2020\/09\/AQUAPETRA-13-768x511.jpg 768w, https:\/\/www.hotelaquapetra.gr\/wp-content\/uploads\/2020\/09\/AQUAPETRA-13-1536x1023.jpg 1536w, https:\/\/www.hotelaquapetra.gr\/wp-content\/uploads\/2020\/09\/AQUAPETRA-13-870x580.jpg 870w, https:\/\/www.hotelaquapetra.gr\/wp-content\/uploads\/2020\/09\/AQUAPETRA-13-1170x780.jpg 1170w, https:\/\/www.hotelaquapetra.gr\/wp-content\/uploads\/2020\/09\/AQUAPETRA-13.jpg 2000w\" sizes=\"auto, (max-width: 615px) 100vw, 615px\" \/>\t\t\t<\/a>\n\t\t<\/figure>\n\t\n\t<div class=\"entry-item-content\">\n\t\t<h2 class=\"entry-item-title\"><a href=\"https:\/\/www.hotelaquapetra.gr\/it\/accommodation\/junior-suite\/\">Junior Suite<\/a><\/h2>\n\t\t\t\t\t<div class=\"entry-item-excerpt\">\n\t\t\t\t<p>Fino a 4 persone \/ <sup>45m2<\/sup> \/ Vista mare &#8211; Vista piscina<\/p>\n\t\t\t<\/div>\n\t\t\n\t\t<a href=\"https:\/\/www.hotelaquapetra.gr\/it\/accommodation\/junior-suite\/\" class=\"btn btn-entry-more\">\n\t\t\tLearn More\t\t<\/a>\n\t<\/div>\n<\/div>\n<\/div>\t\t\t\t<div class=\"suite term-31 col-sm-6 col-12\">\n<div id=\"entry-item-1702\" class=\"entry-item post-1702 ignition-accommodati type-ignition-accommodati status-publish has-post-thumbnail hentry ignition_accommodation_category-suite\">\n\t\t\t<figure class=\"entry-item-thumb\">\n\t\t\t<a href=\"https:\/\/www.hotelaquapetra.gr\/it\/accommodation\/appartamenti-per-famiglie\/\">\n\t\t\t\t<img loading=\"lazy\" decoding=\"async\" width=\"615\" height=\"410\" src=\"https:\/\/www.hotelaquapetra.gr\/wp-content\/uploads\/2020\/09\/IMG_20220805_171019-615x410.jpg\" class=\"attachment-ignition_item size-ignition_item wp-post-image\" alt=\"\" srcset=\"https:\/\/www.hotelaquapetra.gr\/wp-content\/uploads\/2020\/09\/IMG_20220805_171019-615x410.jpg 615w, https:\/\/www.hotelaquapetra.gr\/wp-content\/uploads\/2020\/09\/IMG_20220805_171019-870x580.jpg 870w, https:\/\/www.hotelaquapetra.gr\/wp-content\/uploads\/2020\/09\/IMG_20220805_171019-1170x780.jpg 1170w\" sizes=\"auto, (max-width: 615px) 100vw, 615px\" \/>\t\t\t<\/a>\n\t\t<\/figure>\n\t\n\t<div class=\"entry-item-content\">\n\t\t<h2 class=\"entry-item-title\"><a href=\"https:\/\/www.hotelaquapetra.gr\/it\/accommodation\/appartamenti-per-famiglie\/\">Appartamenti per famiglie<\/a><\/h2>\n\t\t\t\t\t<div class=\"entry-item-excerpt\">\n\t\t\t\t<p>Fino a 4 persone \/ <sup>45m2<\/sup> \/ Vista mare<\/p>\n\t\t\t<\/div>\n\t\t\n\t\t<a href=\"https:\/\/www.hotelaquapetra.gr\/it\/accommodation\/appartamenti-per-famiglie\/\" class=\"btn btn-entry-more\">\n\t\t\tLearn More\t\t<\/a>\n\t<\/div>\n<\/div>\n<\/div><\/div><\/div>\n\n\n<div class=\"wp-block-gutenbee-column block-daa399-dbf4-4b\"><style>.wp-block-gutenbee-column.block-daa399-dbf4-4b { flex-basis: 100%; }\n\n\n      @media (max-width: 991px) {\n        .wp-block-gutenbee-column.block-daa399-dbf4-4b { flex-basis: 100%; }\n      }\n    \n\n      @media (max-width: 575px) {\n        .wp-block-gutenbee-column.block-daa399-dbf4-4b { flex-basis: 100%; }\n      }<\/style><div class=\"wp-block-gutenbee-column-content\">\n<div class=\"wp-block-gutenbee-spacer block-efc49f-7927-40\" aria-hidden=\"true\"><style>.wp-block-gutenbee-spacer.block-efc49f-7927-40 { height: 100px; margin-bottom: 0px; }<\/style><div class=\"wp-block-gutenbee-spacer-background\" data-parallax-speed=\"0.3\"><\/div><\/div>\n\n\n\n<h2 id=\"block-801f53-8de6-4b\" class=\"wp-block-gutenbee-heading block-801f53-8de6-4b\">I nostri appartamenti<\/h2><style>.wp-block-gutenbee-heading.block-801f53-8de6-4b { margin-bottom: 10px; text-align: center; }<\/style>\n\n\n\n<p id=\"block-5efbee-5a4a-4c\" class=\"wp-block-gutenbee-paragraph block-5efbee-5a4a-4c has-text-color has-theme-medium-gray-color\">Esclusivit\u00e0 e viste straordinarie.<\/p><style>.wp-block-gutenbee-paragraph.block-5efbee-5a4a-4c { margin-bottom: 50px; text-align: center; }<\/style>\n\n\n<div\n\t\t\t\tid=\"block-c5a880-21d0-46\"\n\t\t\t\tclass=\"wp-block-gutenbee-post-types block-c5a880-21d0-46 \"\n\t\t\t\t\t\t\t><div class=\"row row-items row-columns-2\">\t\t\t\t<div class=\"camere term-35 col-sm-6 col-12\">\n<div id=\"entry-item-1710\" class=\"entry-item post-1710 ignition-accommodati type-ignition-accommodati status-publish has-post-thumbnail hentry ignition_accommodation_category-camere\">\n\t\t\t<figure class=\"entry-item-thumb\">\n\t\t\t<a href=\"https:\/\/www.hotelaquapetra.gr\/it\/accommodation\/appartamenti-standard\/\">\n\t\t\t\t<img loading=\"lazy\" decoding=\"async\" width=\"615\" height=\"410\" src=\"https:\/\/www.hotelaquapetra.gr\/wp-content\/uploads\/2020\/09\/AQUAPETRA-14-615x410.jpg\" class=\"attachment-ignition_item size-ignition_item wp-post-image\" alt=\"\" srcset=\"https:\/\/www.hotelaquapetra.gr\/wp-content\/uploads\/2020\/09\/AQUAPETRA-14-615x410.jpg 615w, https:\/\/www.hotelaquapetra.gr\/wp-content\/uploads\/2020\/09\/AQUAPETRA-14-300x200.jpg 300w, https:\/\/www.hotelaquapetra.gr\/wp-content\/uploads\/2020\/09\/AQUAPETRA-14-1024x682.jpg 1024w, https:\/\/www.hotelaquapetra.gr\/wp-content\/uploads\/2020\/09\/AQUAPETRA-14-768x511.jpg 768w, https:\/\/www.hotelaquapetra.gr\/wp-content\/uploads\/2020\/09\/AQUAPETRA-14-1536x1023.jpg 1536w, https:\/\/www.hotelaquapetra.gr\/wp-content\/uploads\/2020\/09\/AQUAPETRA-14-870x580.jpg 870w, https:\/\/www.hotelaquapetra.gr\/wp-content\/uploads\/2020\/09\/AQUAPETRA-14-1170x780.jpg 1170w, https:\/\/www.hotelaquapetra.gr\/wp-content\/uploads\/2020\/09\/AQUAPETRA-14.jpg 2000w\" sizes=\"auto, (max-width: 615px) 100vw, 615px\" \/>\t\t\t<\/a>\n\t\t<\/figure>\n\t\n\t<div class=\"entry-item-content\">\n\t\t<h2 class=\"entry-item-title\"><a href=\"https:\/\/www.hotelaquapetra.gr\/it\/accommodation\/appartamenti-standard\/\">Appartamenti standard<\/a><\/h2>\n\t\t\t\t\t<div class=\"entry-item-excerpt\">\n\t\t\t\t<p>Fino a 3 persone \/ <sup>30m2<\/sup><\/p>\n\t\t\t<\/div>\n\t\t\n\t\t<a href=\"https:\/\/www.hotelaquapetra.gr\/it\/accommodation\/appartamenti-standard\/\" class=\"btn btn-entry-more\">\n\t\t\tLearn More\t\t<\/a>\n\t<\/div>\n<\/div>\n<\/div>\t\t\t\t<div class=\"camere term-35 col-sm-6 col-12\">\n<div id=\"entry-item-1711\" class=\"entry-item post-1711 ignition-accommodati type-ignition-accommodati status-publish has-post-thumbnail hentry ignition_accommodation_category-camere\">\n\t\t\t<figure class=\"entry-item-thumb\">\n\t\t\t<a href=\"https:\/\/www.hotelaquapetra.gr\/it\/accommodation\/appartamenti-superiori\/\">\n\t\t\t\t<img loading=\"lazy\" decoding=\"async\" width=\"615\" height=\"410\" src=\"https:\/\/www.hotelaquapetra.gr\/wp-content\/uploads\/2020\/09\/AQUAPETRA-7-\u0391\u03bd\u03c4\u03af\u03b3\u03c1\u03b1\u03c6\u03bf-615x410.jpg\" class=\"attachment-ignition_item size-ignition_item wp-post-image\" alt=\"\" srcset=\"https:\/\/www.hotelaquapetra.gr\/wp-content\/uploads\/2020\/09\/AQUAPETRA-7-\u0391\u03bd\u03c4\u03af\u03b3\u03c1\u03b1\u03c6\u03bf-615x410.jpg 615w, https:\/\/www.hotelaquapetra.gr\/wp-content\/uploads\/2020\/09\/AQUAPETRA-7-\u0391\u03bd\u03c4\u03af\u03b3\u03c1\u03b1\u03c6\u03bf-300x200.jpg 300w, https:\/\/www.hotelaquapetra.gr\/wp-content\/uploads\/2020\/09\/AQUAPETRA-7-\u0391\u03bd\u03c4\u03af\u03b3\u03c1\u03b1\u03c6\u03bf-1024x682.jpg 1024w, https:\/\/www.hotelaquapetra.gr\/wp-content\/uploads\/2020\/09\/AQUAPETRA-7-\u0391\u03bd\u03c4\u03af\u03b3\u03c1\u03b1\u03c6\u03bf-768x511.jpg 768w, https:\/\/www.hotelaquapetra.gr\/wp-content\/uploads\/2020\/09\/AQUAPETRA-7-\u0391\u03bd\u03c4\u03af\u03b3\u03c1\u03b1\u03c6\u03bf-1536x1023.jpg 1536w, https:\/\/www.hotelaquapetra.gr\/wp-content\/uploads\/2020\/09\/AQUAPETRA-7-\u0391\u03bd\u03c4\u03af\u03b3\u03c1\u03b1\u03c6\u03bf-870x580.jpg 870w, https:\/\/www.hotelaquapetra.gr\/wp-content\/uploads\/2020\/09\/AQUAPETRA-7-\u0391\u03bd\u03c4\u03af\u03b3\u03c1\u03b1\u03c6\u03bf-1170x780.jpg 1170w, https:\/\/www.hotelaquapetra.gr\/wp-content\/uploads\/2020\/09\/AQUAPETRA-7-\u0391\u03bd\u03c4\u03af\u03b3\u03c1\u03b1\u03c6\u03bf.jpg 2000w\" sizes=\"auto, (max-width: 615px) 100vw, 615px\" \/>\t\t\t<\/a>\n\t\t<\/figure>\n\t\n\t<div class=\"entry-item-content\">\n\t\t<h2 class=\"entry-item-title\"><a href=\"https:\/\/www.hotelaquapetra.gr\/it\/accommodation\/appartamenti-superiori\/\">Appartamenti superiori<\/a><\/h2>\n\t\t\t\t\t<div class=\"entry-item-excerpt\">\n\t\t\t\t<p>Fino a 3 persone \/ <sup>30m2<\/sup> \/ Vista mare  <\/p>\n\t\t\t<\/div>\n\t\t\n\t\t<a href=\"https:\/\/www.hotelaquapetra.gr\/it\/accommodation\/appartamenti-superiori\/\" class=\"btn btn-entry-more\">\n\t\t\tLearn More\t\t<\/a>\n\t<\/div>\n<\/div>\n<\/div><\/div><\/div>\n\n\n<div class=\"wp-block-gutenbee-spacer block-a0f9e0-b0f8-43\" aria-hidden=\"true\"><style>.wp-block-gutenbee-spacer.block-a0f9e0-b0f8-43 { height: 100px; margin-bottom: 0px; }<\/style><div class=\"wp-block-gutenbee-spacer-background\" data-parallax-speed=\"0.3\"><\/div><\/div>\n<\/div><\/div>\n<\/div><\/div>\n<\/div><\/div><div class=\"wp-block-gutenbee-container-background\" data-parallax-speed=\"0.3\" style=\"background-color:#f9f9f9\"><\/div><\/div>\n\n\n\n<div id=\"block-fb81ee-fdfb-47\" class=\"wp-block-gutenbee-container block-fb81ee-fdfb-47 has-parallax theme-grid has-background-image has-background-overlay alignfull\"><style>.wp-block-gutenbee-container.block-fb81ee-fdfb-47 { height: 500px; margin-bottom: 0px; align-items: flex-end; }\n.wp-block-gutenbee-container.block-fb81ee-fdfb-47 > .wp-block-gutenbee-container-background { background-image: url(http:\/\/www.hotelaquapetra.gr\/wp-content\/uploads\/2023\/06\/DJI_0001-scaled.jpg); background-repeat: no-repeat; background-size: cover; background-position: center center; background-attachment: fixed; }<\/style><div class=\"wp-block-gutenbee-container-inner\"><div class=\"wp-block-gutenbee-container-row wp-block-gutenbee-container-lg\">\n<div class=\"wp-block-gutenbee-column block-0409f2-fa74-4a\"><style>.wp-block-gutenbee-column.block-0409f2-fa74-4a { flex-basis: 100%; }\n\n\n      @media (max-width: 991px) {\n        .wp-block-gutenbee-column.block-0409f2-fa74-4a { flex-basis: 100%; }\n      }\n    \n\n      @media (max-width: 575px) {\n        .wp-block-gutenbee-column.block-0409f2-fa74-4a { flex-basis: 100%; }\n      }<\/style><div class=\"wp-block-gutenbee-column-content\">\n<p id=\"block-7d50ca-1c8e-4f\" class=\"wp-block-gutenbee-paragraph block-7d50ca-1c8e-4f has-text-color has-theme-dark-gray-color\" style=\"background-color:rgba(255, 255, 255, 0.8)\">  Proprio di fronte alla spiaggia<\/p><style>.wp-block-gutenbee-paragraph.block-7d50ca-1c8e-4f { margin-bottom: 0px; padding: 15px 15px 15px 15px; text-align: center; }<\/style>\n<\/div><\/div>\n<\/div><div class=\"wp-block-gutenbee-container-background-overlay\" style=\"background-color:rgba(0, 0, 0, 0.07)\"><\/div><\/div><div class=\"wp-block-gutenbee-container-background gutenbee-parallax\" data-parallax-speed=\"0.3\"><\/div><\/div>\n\n\n\n<div id=\"block-104f4f-334c-4a\" class=\"wp-block-gutenbee-container block-104f4f-334c-4a theme-grid\"><style>.wp-block-gutenbee-container.block-104f4f-334c-4a { padding-top: 100px;  padding-bottom: 50px; }<\/style><div class=\"wp-block-gutenbee-container-inner\"><div class=\"wp-block-gutenbee-container-row wp-block-gutenbee-container-lg\">\n<div class=\"wp-block-gutenbee-column block-145d92-6aae-4a\"><style>.wp-block-gutenbee-column.block-145d92-6aae-4a { flex-basis: 100%; }\n\n\n      @media (max-width: 991px) {\n        .wp-block-gutenbee-column.block-145d92-6aae-4a { flex-basis: 100%; }\n      }\n    \n\n      @media (max-width: 575px) {\n        .wp-block-gutenbee-column.block-145d92-6aae-4a { flex-basis: 100%; }\n      }<\/style><div class=\"wp-block-gutenbee-column-content\">\n<figure class=\"wp-block-pullquote\"><blockquote><p>Questo resort \u00e8 molto ben posizionato, a 10&#8242; a piedi dal centro, ma soprattutto perfettamente affacciato sul tramonto. Abbiamo affittato l&#8217;appartamento al terzo piano, ma vale la pena fare le scale!<\/p><cite>Maria e Pietro &#8211; 2021<\/cite><\/blockquote><\/figure>\n<\/div><\/div>\n<\/div><\/div><div class=\"wp-block-gutenbee-container-background\" data-parallax-speed=\"0.3\"><\/div><\/div>\n\n\n\n<div id=\"block-8c210b-7689-42\" class=\"wp-block-gutenbee-container block-8c210b-7689-42\"><style>.wp-block-gutenbee-container.block-8c210b-7689-42 { padding-top: 100px;  padding-bottom: 100px; }<\/style><div class=\"wp-block-gutenbee-container-inner\"><div class=\"wp-block-gutenbee-container-row wp-block-gutenbee-container-lg\">\n<div class=\"wp-block-gutenbee-column block-53c9ec-f144-41\"><style>.wp-block-gutenbee-column.block-53c9ec-f144-41 { flex-basis: 100%; }\n\n\n      @media (max-width: 991px) {\n        .wp-block-gutenbee-column.block-53c9ec-f144-41 { flex-basis: 100%; }\n      }\n    \n\n      @media (max-width: 575px) {\n        .wp-block-gutenbee-column.block-53c9ec-f144-41 { flex-basis: 100%; }\n      }<\/style><div class=\"wp-block-gutenbee-column-content\"><\/div><\/div>\n<\/div><\/div><div class=\"wp-block-gutenbee-container-background\" data-parallax-speed=\"0.3\"><\/div><\/div>\n","protected":false},"excerpt":{"rendered":"","protected":false},"author":1,"featured_media":0,"parent":0,"menu_order":0,"comment_status":"closed","ping_status":"closed","template":"templates\/template-fullwidth.php","meta":{"content-type":"","inline_featured_image":false,"_exactmetrics_skip_tracking":false,"_exactmetrics_sitenote_active":false,"_exactmetrics_sitenote_note":"","_exactmetrics_sitenote_category":0,"footnotes":""},"class_list":["post-1652","page","type-page","status-publish","hentry"],"yoast_head":"<!-- This site is optimized with the Yoast SEO plugin v27.5 - https:\/\/yoast.com\/product\/yoast-seo-wordpress\/ -->\n<title>L&#039;Hotel - Aquapetra<\/title>\n<meta name=\"robots\" content=\"index, follow, max-snippet:-1, max-image-preview:large, max-video-preview:-1\" \/>\n<link rel=\"canonical\" href=\"https:\/\/www.hotelaquapetra.gr\/it\/\" \/>\n<meta property=\"og:locale\" content=\"it_IT\" \/>\n<meta property=\"og:type\" content=\"article\" \/>\n<meta property=\"og:title\" content=\"L&#039;Hotel - Aquapetra\" \/>\n<meta property=\"og:url\" content=\"https:\/\/www.hotelaquapetra.gr\/it\/\" \/>\n<meta property=\"og:site_name\" content=\"Aquapetra\" \/>\n<meta property=\"article:modified_time\" content=\"2023-12-19T22:32:50+00:00\" \/>\n<meta name=\"twitter:card\" content=\"summary_large_image\" \/>\n<meta name=\"twitter:label1\" content=\"Tempo di lettura stimato\" \/>\n\t<meta name=\"twitter:data1\" content=\"1 minuto\" \/>\n<script type=\"application\/ld+json\" class=\"yoast-schema-graph\">{\"@context\":\"https:\\\/\\\/schema.org\",\"@graph\":[{\"@type\":\"WebPage\",\"@id\":\"https:\\\/\\\/www.hotelaquapetra.gr\\\/it\\\/\",\"url\":\"https:\\\/\\\/www.hotelaquapetra.gr\\\/it\\\/\",\"name\":\"L'Hotel - Aquapetra\",\"isPartOf\":{\"@id\":\"http:\\\/\\\/www.hotelaquapetra.gr\\\/it\\\/#website\"},\"datePublished\":\"2020-09-21T15:32:10+00:00\",\"dateModified\":\"2023-12-19T22:32:50+00:00\",\"breadcrumb\":{\"@id\":\"https:\\\/\\\/www.hotelaquapetra.gr\\\/it\\\/#breadcrumb\"},\"inLanguage\":\"it-IT\",\"potentialAction\":[{\"@type\":\"ReadAction\",\"target\":[\"https:\\\/\\\/www.hotelaquapetra.gr\\\/it\\\/\"]}]},{\"@type\":\"BreadcrumbList\",\"@id\":\"https:\\\/\\\/www.hotelaquapetra.gr\\\/it\\\/#breadcrumb\",\"itemListElement\":[{\"@type\":\"ListItem\",\"position\":1,\"name\":\"Home\",\"item\":\"https:\\\/\\\/www.hotelaquapetra.gr\\\/it\\\/\"},{\"@type\":\"ListItem\",\"position\":2,\"name\":\"L&#8217;Hotel\"}]},{\"@type\":\"WebSite\",\"@id\":\"http:\\\/\\\/www.hotelaquapetra.gr\\\/it\\\/#website\",\"url\":\"http:\\\/\\\/www.hotelaquapetra.gr\\\/it\\\/\",\"name\":\"Aquapetra\",\"description\":\"Hotel in Amorgos\",\"publisher\":{\"@id\":\"http:\\\/\\\/www.hotelaquapetra.gr\\\/it\\\/#organization\"},\"potentialAction\":[{\"@type\":\"SearchAction\",\"target\":{\"@type\":\"EntryPoint\",\"urlTemplate\":\"http:\\\/\\\/www.hotelaquapetra.gr\\\/it\\\/?s={search_term_string}\"},\"query-input\":{\"@type\":\"PropertyValueSpecification\",\"valueRequired\":true,\"valueName\":\"search_term_string\"}}],\"inLanguage\":\"it-IT\"},{\"@type\":\"Organization\",\"@id\":\"http:\\\/\\\/www.hotelaquapetra.gr\\\/it\\\/#organization\",\"name\":\"Aquapetra\",\"url\":\"http:\\\/\\\/www.hotelaquapetra.gr\\\/it\\\/\",\"logo\":{\"@type\":\"ImageObject\",\"inLanguage\":\"it-IT\",\"@id\":\"http:\\\/\\\/www.hotelaquapetra.gr\\\/it\\\/#\\\/schema\\\/logo\\\/image\\\/\",\"url\":\"https:\\\/\\\/www.hotelaquapetra.gr\\\/wp-content\\\/uploads\\\/2023\\\/11\\\/logo-no-background-6.png\",\"contentUrl\":\"https:\\\/\\\/www.hotelaquapetra.gr\\\/wp-content\\\/uploads\\\/2023\\\/11\\\/logo-no-background-6.png\",\"width\":160,\"height\":45,\"caption\":\"Aquapetra\"},\"image\":{\"@id\":\"http:\\\/\\\/www.hotelaquapetra.gr\\\/it\\\/#\\\/schema\\\/logo\\\/image\\\/\"}}]}<\/script>\n<!-- \/ Yoast SEO plugin. -->","yoast_head_json":{"title":"L'Hotel - Aquapetra","robots":{"index":"index","follow":"follow","max-snippet":"max-snippet:-1","max-image-preview":"max-image-preview:large","max-video-preview":"max-video-preview:-1"},"canonical":"https:\/\/www.hotelaquapetra.gr\/it\/","og_locale":"it_IT","og_type":"article","og_title":"L'Hotel - Aquapetra","og_url":"https:\/\/www.hotelaquapetra.gr\/it\/","og_site_name":"Aquapetra","article_modified_time":"2023-12-19T22:32:50+00:00","twitter_card":"summary_large_image","twitter_misc":{"Tempo di lettura stimato":"1 minuto"},"schema":{"@context":"https:\/\/schema.org","@graph":[{"@type":"WebPage","@id":"https:\/\/www.hotelaquapetra.gr\/it\/","url":"https:\/\/www.hotelaquapetra.gr\/it\/","name":"L'Hotel - Aquapetra","isPartOf":{"@id":"http:\/\/www.hotelaquapetra.gr\/it\/#website"},"datePublished":"2020-09-21T15:32:10+00:00","dateModified":"2023-12-19T22:32:50+00:00","breadcrumb":{"@id":"https:\/\/www.hotelaquapetra.gr\/it\/#breadcrumb"},"inLanguage":"it-IT","potentialAction":[{"@type":"ReadAction","target":["https:\/\/www.hotelaquapetra.gr\/it\/"]}]},{"@type":"BreadcrumbList","@id":"https:\/\/www.hotelaquapetra.gr\/it\/#breadcrumb","itemListElement":[{"@type":"ListItem","position":1,"name":"Home","item":"https:\/\/www.hotelaquapetra.gr\/it\/"},{"@type":"ListItem","position":2,"name":"L&#8217;Hotel"}]},{"@type":"WebSite","@id":"http:\/\/www.hotelaquapetra.gr\/it\/#website","url":"http:\/\/www.hotelaquapetra.gr\/it\/","name":"Aquapetra","description":"Hotel in Amorgos","publisher":{"@id":"http:\/\/www.hotelaquapetra.gr\/it\/#organization"},"potentialAction":[{"@type":"SearchAction","target":{"@type":"EntryPoint","urlTemplate":"http:\/\/www.hotelaquapetra.gr\/it\/?s={search_term_string}"},"query-input":{"@type":"PropertyValueSpecification","valueRequired":true,"valueName":"search_term_string"}}],"inLanguage":"it-IT"},{"@type":"Organization","@id":"http:\/\/www.hotelaquapetra.gr\/it\/#organization","name":"Aquapetra","url":"http:\/\/www.hotelaquapetra.gr\/it\/","logo":{"@type":"ImageObject","inLanguage":"it-IT","@id":"http:\/\/www.hotelaquapetra.gr\/it\/#\/schema\/logo\/image\/","url":"https:\/\/www.hotelaquapetra.gr\/wp-content\/uploads\/2023\/11\/logo-no-background-6.png","contentUrl":"https:\/\/www.hotelaquapetra.gr\/wp-content\/uploads\/2023\/11\/logo-no-background-6.png","width":160,"height":45,"caption":"Aquapetra"},"image":{"@id":"http:\/\/www.hotelaquapetra.gr\/it\/#\/schema\/logo\/image\/"}}]}},"_links":{"self":[{"href":"https:\/\/www.hotelaquapetra.gr\/it\/wp-json\/wp\/v2\/pages\/1652","targetHints":{"allow":["GET"]}}],"collection":[{"href":"https:\/\/www.hotelaquapetra.gr\/it\/wp-json\/wp\/v2\/pages"}],"about":[{"href":"https:\/\/www.hotelaquapetra.gr\/it\/wp-json\/wp\/v2\/types\/page"}],"author":[{"embeddable":true,"href":"https:\/\/www.hotelaquapetra.gr\/it\/wp-json\/wp\/v2\/users\/1"}],"replies":[{"embeddable":true,"href":"https:\/\/www.hotelaquapetra.gr\/it\/wp-json\/wp\/v2\/comments?post=1652"}],"version-history":[{"count":5,"href":"https:\/\/www.hotelaquapetra.gr\/it\/wp-json\/wp\/v2\/pages\/1652\/revisions"}],"predecessor-version":[{"id":1742,"href":"https:\/\/www.hotelaquapetra.gr\/it\/wp-json\/wp\/v2\/pages\/1652\/revisions\/1742"}],"wp:attachment":[{"href":"https:\/\/www.hotelaquapetra.gr\/it\/wp-json\/wp\/v2\/media?parent=1652"}],"curies":[{"name":"wp","href":"https:\/\/api.w.org\/{rel}","templated":true}]}}